{"id":71,"date":"2024-10-28T01:34:12","date_gmt":"2024-10-28T01:34:12","guid":{"rendered":"http:\/\/localhost\/cttdva\/?page_id=71"},"modified":"2026-02-20T14:48:34","modified_gmt":"2026-02-20T19:48:34","slug":"announcements","status":"publish","type":"page","link":"https:\/\/cttdva.org\/en\/news\/announcements\/","title":{"rendered":"Announcements"},"content":{"rendered":"<style>.kb-posts-id-71_6e0e38-0e .kb-post-list-item{display:grid;}<\/style><ul class=\"wp-block-kadence-posts kb-posts kadence-posts-list kb-posts-id-71_6e0e38-0e content-wrap grid-cols kb-posts-style-boxed grid-sm-col-1 grid-lg-col-1 item-image-style-beside  post-container\"><li class=\"kb-post-list-item\">\n\t<article class=\"entry content-bg loop-entry post-2553 post type-post status-publish format-standard hentry category-announcements\">\n\t\t\t\t<div class=\"entry-content-wrap\">\n\t\t\t<header class=\"entry-header\">\n\t<h3 class=\"entry-title\"><a href=\"https:\/\/cttdva.org\/en\/2026\/05\/02\/thanh-le-ta-on-cho-cac-hoc-sinh-ratruong-trung-hoc-va-dai-hoc\/\" rel=\"bookmark\">TH\u00c1NH L\u1ec4 T\u1ea0 \u01a0N CHO C\u00c1C H\u1eccC SINH RATR\u01af\u1edcNG TRUNG H\u1eccC V\u00c0 \u0110\u1ea0I H\u1eccC<\/a><\/h3>\t<div class=\"entry-meta entry-meta-divider-dot\">\n\t\t\t\t<span class=\"posted-on\">\n\t\t\t\t<time class=\"entry-date published\" datetime=\"2026-05-02T16:02:00-05:00\">May 2, 2026<\/time><time class=\"updated\" datetime=\"2026-05-02T16:14:35-05:00\">May 2, 2026<\/time>\t\t\t<\/span>\n\t\t\t\t<\/div><!-- .entry-meta -->\n\t<\/header><!-- .entry-header -->\n\t<div class=\"entry-summary\">\n\t\t<p>Gi\u00e1o x\u1ee9 s\u1ebd t\u1ed5 ch\u1ee9c Th\u00e1nh L\u1ec5 T\u1ea1 \u01a0n ra tr\u01b0\u1eddng cho c\u00e1c emTrung H\u1ecdc v\u00e0 \u0110\u1ea1i H\u1ecdc v\u00e0o Ch\u00faa Nh\u1eadt, ng\u00e0y 7 th\u00e1ng 6,2026, trong Th\u00e1nh L\u1ec5 10 gi\u1edd s\u00e1ng.Xin m\u1eddi c\u00e1c b\u1ea1n tr\u1ebb t\u1ed1t nghi\u1ec7p Trung H\u1ecdc v\u00e0\u0110\u1ea1i H\u1ecdc n\u0103m nay tham d\u1ef1 Th\u00e1nh L\u1ec5 T\u1ea1 \u01a0n,\u0111\u1ec3 c\u00f9ng v\u1edbi nhau t\u1ea1 \u01a1n Thi\u00ean [&hellip;]<\/p>\n\t<\/div><!-- .entry-summary -->\n\t<footer class=\"entry-footer\">\n\t\t\t<div class=\"entry-actions\">\n\t\t\t<p class=\"more-link-wrap\">\n\t\t\t\t<a href=\"https:\/\/cttdva.org\/en\/2026\/05\/02\/thanh-le-ta-on-cho-cac-hoc-sinh-ratruong-trung-hoc-va-dai-hoc\/\" class=\"post-more-link\">\n\t\t\t\t\tRead More<span class=\"screen-reader-text\"> TH\u00c1NH L\u1ec4 T\u1ea0 \u01a0N CHO C\u00c1C H\u1eccC SINH RATR\u01af\u1edcNG TRUNG H\u1eccC V\u00c0 \u0110\u1ea0I H\u1eccC<\/span><span class=\"kadence-svg-iconset svg-baseline\"><svg aria-hidden=\"true\" class=\"kadence-svg-icon kadence-arrow-right-alt-svg\" fill=\"currentColor\" version=\"1.1\" xmlns=\"http:\/\/www.w3.org\/2000\/svg\" width=\"27\" height=\"28\" viewBox=\"0 0 27 28\"><title>Continue<\/title><path d=\"M27 13.953c0 0.141-0.063 0.281-0.156 0.375l-6 5.531c-0.156 0.141-0.359 0.172-0.547 0.094-0.172-0.078-0.297-0.25-0.297-0.453v-3.5h-19.5c-0.281 0-0.5-0.219-0.5-0.5v-3c0-0.281 0.219-0.5 0.5-0.5h19.5v-3.5c0-0.203 0.109-0.375 0.297-0.453s0.391-0.047 0.547 0.078l6 5.469c0.094 0.094 0.156 0.219 0.156 0.359v0z\"><\/path>\n\t\t\t<\/svg><\/span>\t\t\t\t<\/a>\n\t\t\t<\/p>\n\t\t<\/div><!-- .entry-actions -->\n\t\t<\/footer><!-- .entry-footer -->\t\t<\/div>\n\t<\/article>\n<\/li>\n<li class=\"kb-post-list-item\">\n\t<article class=\"entry content-bg loop-entry post-2492 post type-post status-publish format-standard hentry category-announcements\">\n\t\t\t\t<div class=\"entry-content-wrap\">\n\t\t\t<header class=\"entry-header\">\n\t<h3 class=\"entry-title\"><a href=\"https:\/\/cttdva.org\/en\/2026\/02\/20\/tinh-tam-mua-chay-2026-giao-xu-cac-thanh-tu-dao-viet-nam-arlington-virginia\/\" rel=\"bookmark\">T\u0128NH T\u00c2M M\u00d9A CHAY 2026 GI\u00c1O X\u1ee8 C\u00c1C TH\u00c1NH T\u1eec \u0110\u1ea0O VI\u1ec6T NAM &#8211; ARLINGTON, VIRGINIA<\/a><\/h3>\t<div class=\"entry-meta entry-meta-divider-dot\">\n\t\t\t\t<span class=\"posted-on\">\n\t\t\t\t<time class=\"entry-date published\" datetime=\"2026-02-20T14:46:41-05:00\">February 20, 2026<\/time><time class=\"updated\" datetime=\"2026-02-20T14:46:42-05:00\">February 20, 2026<\/time>\t\t\t<\/span>\n\t\t\t\t<\/div><!-- .entry-meta -->\n\t<\/header><!-- .entry-header -->\n\t<div class=\"entry-summary\">\n\t\t<p>Ch\u1ee7 \u0111\u1ec1 chung: M\u1ea7u Nhi\u1ec7m Th\u00e1nh Gi\u00e1 \u0110\u1ee9c Kit\u00f4 &#8211; Hi\u1ec3u \u0111\u1ec3 Bi\u1ebft Th\u01b0\u01a1ng * Th\u1ee9 Hai ng\u00e0y 9\/3\/2026: \u0110\u1ec1 t\u00e0i 1 &#8211; Nh\u00ecn L\u00ean Th\u00e1nh Gi\u00e1: Thi\u00ean Ch\u00faa N\u00f3i G\u00ec Qua N\u1ed7i \u0110au? \u201cAi mu\u1ed1n theo Ta, ph\u1ea3i t\u1eeb b\u1ecf ch\u00ednh m\u00ecnh, v\u00e1c th\u1eadp gi\u00e1 m\u00ecnh m\u00e0 theo\u201d (Mc 8,34) * Th\u1ee9 Ba ng\u00e0y [&hellip;]<\/p>\n\t<\/div><!-- .entry-summary -->\n\t<footer class=\"entry-footer\">\n\t\t\t<div class=\"entry-actions\">\n\t\t\t<p class=\"more-link-wrap\">\n\t\t\t\t<a href=\"https:\/\/cttdva.org\/en\/2026\/02\/20\/tinh-tam-mua-chay-2026-giao-xu-cac-thanh-tu-dao-viet-nam-arlington-virginia\/\" class=\"post-more-link\">\n\t\t\t\t\tRead More<span class=\"screen-reader-text\"> T\u0128NH T\u00c2M M\u00d9A CHAY 2026 GI\u00c1O X\u1ee8 C\u00c1C TH\u00c1NH T\u1eec \u0110\u1ea0O VI\u1ec6T NAM &#8211; ARLINGTON, VIRGINIA<\/span><span class=\"kadence-svg-iconset svg-baseline\"><svg aria-hidden=\"true\" class=\"kadence-svg-icon kadence-arrow-right-alt-svg\" fill=\"currentColor\" version=\"1.1\" xmlns=\"http:\/\/www.w3.org\/2000\/svg\" width=\"27\" height=\"28\" viewBox=\"0 0 27 28\"><title>Continue<\/title><path d=\"M27 13.953c0 0.141-0.063 0.281-0.156 0.375l-6 5.531c-0.156 0.141-0.359 0.172-0.547 0.094-0.172-0.078-0.297-0.25-0.297-0.453v-3.5h-19.5c-0.281 0-0.5-0.219-0.5-0.5v-3c0-0.281 0.219-0.5 0.5-0.5h19.5v-3.5c0-0.203 0.109-0.375 0.297-0.453s0.391-0.047 0.547 0.078l6 5.469c0.094 0.094 0.156 0.219 0.156 0.359v0z\"><\/path>\n\t\t\t<\/svg><\/span>\t\t\t\t<\/a>\n\t\t\t<\/p>\n\t\t<\/div><!-- .entry-actions -->\n\t\t<\/footer><!-- .entry-footer -->\t\t<\/div>\n\t<\/article>\n<\/li>\n<li class=\"kb-post-list-item\">\n\t<article class=\"entry content-bg loop-entry post-2483 post type-post status-publish format-standard hentry category-announcements\">\n\t\t\t\t<div class=\"entry-content-wrap\">\n\t\t\t<header class=\"entry-header\">\n\t<h3 class=\"entry-title\"><a href=\"https:\/\/cttdva.org\/en\/2026\/02\/20\/chuong-trinh-tham-vieng-cau-nguyen-va-thanh-le-an-tang-cua-cha-phero-nguyen-dinh-phuong-o-p\/\" rel=\"bookmark\">CH\u01af\u01a0NG TR\u00ccNH TH\u0102M VI\u1ebeNG C\u1ea6U NGUY\u1ec6N V\u00c0 TH\u00c1NH L\u1ec4 AN T\u00c1NG C\u1ee6A CHA PH\u00caR\u00d4 NGUY\u1ec4N \u0110\u00ccNH PH\u01af\u01a0NG, O.P.<\/a><\/h3>\t<div class=\"entry-meta entry-meta-divider-dot\">\n\t\t\t\t<span class=\"posted-on\">\n\t\t\t\t<time class=\"entry-date published\" datetime=\"2026-02-20T14:43:50-05:00\">February 20, 2026<\/time><time class=\"updated\" datetime=\"2026-02-20T14:43:51-05:00\">February 20, 2026<\/time>\t\t\t<\/span>\n\t\t\t\t<\/div><!-- .entry-meta -->\n\t<\/header><!-- .entry-header -->\n\t<div class=\"entry-summary\">\n\t\t\t<\/div><!-- .entry-summary -->\n\t<footer class=\"entry-footer\">\n\t\t\t<div class=\"entry-actions\">\n\t\t\t<p class=\"more-link-wrap\">\n\t\t\t\t<a href=\"https:\/\/cttdva.org\/en\/2026\/02\/20\/chuong-trinh-tham-vieng-cau-nguyen-va-thanh-le-an-tang-cua-cha-phero-nguyen-dinh-phuong-o-p\/\" class=\"post-more-link\">\n\t\t\t\t\tRead More<span class=\"screen-reader-text\"> CH\u01af\u01a0NG TR\u00ccNH TH\u0102M VI\u1ebeNG C\u1ea6U NGUY\u1ec6N V\u00c0 TH\u00c1NH L\u1ec4 AN T\u00c1NG C\u1ee6A CHA PH\u00caR\u00d4 NGUY\u1ec4N \u0110\u00ccNH PH\u01af\u01a0NG, O.P.<\/span><span class=\"kadence-svg-iconset svg-baseline\"><svg aria-hidden=\"true\" class=\"kadence-svg-icon kadence-arrow-right-alt-svg\" fill=\"currentColor\" version=\"1.1\" xmlns=\"http:\/\/www.w3.org\/2000\/svg\" width=\"27\" height=\"28\" viewBox=\"0 0 27 28\"><title>Continue<\/title><path d=\"M27 13.953c0 0.141-0.063 0.281-0.156 0.375l-6 5.531c-0.156 0.141-0.359 0.172-0.547 0.094-0.172-0.078-0.297-0.25-0.297-0.453v-3.5h-19.5c-0.281 0-0.5-0.219-0.5-0.5v-3c0-0.281 0.219-0.5 0.5-0.5h19.5v-3.5c0-0.203 0.109-0.375 0.297-0.453s0.391-0.047 0.547 0.078l6 5.469c0.094 0.094 0.156 0.219 0.156 0.359v0z\"><\/path>\n\t\t\t<\/svg><\/span>\t\t\t\t<\/a>\n\t\t\t<\/p>\n\t\t<\/div><!-- .entry-actions -->\n\t\t<\/footer><!-- .entry-footer -->\t\t<\/div>\n\t<\/article>\n<\/li>\n<li class=\"kb-post-list-item\">\n\t<article class=\"entry content-bg loop-entry post-2478 post type-post status-publish format-standard hentry category-announcements\">\n\t\t\t\t<div class=\"entry-content-wrap\">\n\t\t\t<header class=\"entry-header\">\n\t<h3 class=\"entry-title\"><a href=\"https:\/\/cttdva.org\/en\/2026\/02\/13\/thong-bao-tin-buon\/\" rel=\"bookmark\">TH\u00d4NG B\u00c1O TIN BU\u1ed2N<\/a><\/h3>\t<div class=\"entry-meta entry-meta-divider-dot\">\n\t\t\t\t<span class=\"posted-on\">\n\t\t\t\t<time class=\"entry-date published\" datetime=\"2026-02-13T23:59:00-05:00\">February 13, 2026<\/time><time class=\"updated\" datetime=\"2026-02-20T14:39:27-05:00\">February 20, 2026<\/time>\t\t\t<\/span>\n\t\t\t\t<\/div><!-- .entry-meta -->\n\t<\/header><!-- .entry-header -->\n\t<div class=\"entry-summary\">\n\t\t<p>Trong ni\u1ec1m tin v\u00e0o Ch\u00faa Kit\u00f4 Ph\u1ee5c Sinh,Gi\u00e1o x\u1ee9 xin k\u00ednh b\u00e1o: Linh m\u1ee5c Ph\u00ear\u00f4 Nguy\u1ec5n \u0110\u00ecnh Ph\u01b0\u01a1ng, O.P.Sinh ng\u00e0y: 19\/6\/1980Ng\u00e0y kh\u1ea5n d\u00f2ng: 14\/8\/2006Ng\u00e0y th\u1ee5 phong linh m\u1ee5c: 4\/8\/2014\u0111\u00e3 an ngh\u1ec9 trong Ch\u00faa v\u00e0o s\u00e1ng ng\u00e0y Th\u1ee9 S\u00e1u 13 th\u00e1ng 02 n\u0103m 2026. Xin c\u1ed9ng \u0111o\u00e0n hi\u1ec7p \u00fd c\u1ea7u nguy\u1ec7n cho linh h\u1ed3n Cha Ph\u00ear\u00f4 [&hellip;]<\/p>\n\t<\/div><!-- .entry-summary -->\n\t<footer class=\"entry-footer\">\n\t\t\t<div class=\"entry-actions\">\n\t\t\t<p class=\"more-link-wrap\">\n\t\t\t\t<a href=\"https:\/\/cttdva.org\/en\/2026\/02\/13\/thong-bao-tin-buon\/\" class=\"post-more-link\">\n\t\t\t\t\tRead More<span class=\"screen-reader-text\"> TH\u00d4NG B\u00c1O TIN BU\u1ed2N<\/span><span class=\"kadence-svg-iconset svg-baseline\"><svg aria-hidden=\"true\" class=\"kadence-svg-icon kadence-arrow-right-alt-svg\" fill=\"currentColor\" version=\"1.1\" xmlns=\"http:\/\/www.w3.org\/2000\/svg\" width=\"27\" height=\"28\" viewBox=\"0 0 27 28\"><title>Continue<\/title><path d=\"M27 13.953c0 0.141-0.063 0.281-0.156 0.375l-6 5.531c-0.156 0.141-0.359 0.172-0.547 0.094-0.172-0.078-0.297-0.25-0.297-0.453v-3.5h-19.5c-0.281 0-0.5-0.219-0.5-0.5v-3c0-0.281 0.219-0.5 0.5-0.5h19.5v-3.5c0-0.203 0.109-0.375 0.297-0.453s0.391-0.047 0.547 0.078l6 5.469c0.094 0.094 0.156 0.219 0.156 0.359v0z\"><\/path>\n\t\t\t<\/svg><\/span>\t\t\t\t<\/a>\n\t\t\t<\/p>\n\t\t<\/div><!-- .entry-actions -->\n\t\t<\/footer><!-- .entry-footer -->\t\t<\/div>\n\t<\/article>\n<\/li>\n<li class=\"kb-post-list-item\">\n\t<article class=\"entry content-bg loop-entry post-1955 post type-post status-publish format-standard hentry category-announcements\">\n\t\t\t\t<div class=\"entry-content-wrap\">\n\t\t\t<header class=\"entry-header\">\n\t<h3 class=\"entry-title\"><a href=\"https:\/\/cttdva.org\/en\/2025\/01\/28\/xo-so-hoi-cho-tet-2025\/\" rel=\"bookmark\">X\u1ed4 S\u1ed0 H\u1ed8I CH\u1ee2 T\u1ebeT 2025<\/a><\/h3>\t<div class=\"entry-meta entry-meta-divider-dot\">\n\t\t\t\t<span class=\"posted-on\">\n\t\t\t\t<time class=\"entry-date published\" datetime=\"2025-01-28T11:29:17-05:00\">January 28, 2025<\/time><time class=\"updated\" datetime=\"2025-01-28T11:29:18-05:00\">January 28, 2025<\/time>\t\t\t<\/span>\n\t\t\t\t<\/div><!-- .entry-meta -->\n\t<\/header><!-- .entry-header -->\n\t<div class=\"entry-summary\">\n\t\t<p>Xin ch\u00e2n th\u00e0nh c\u00e1m \u01a1n qu\u00fd v\u1ecb \u0111\u00e3 \u0111\u1ebfn tham d\u1ef1 H\u1ed9i Ch\u1ee3 T\u1ebft 2025 c\u1ee7a gi\u00e1o h\u1ecd \u0110\u1ee9c M\u1eb9 La-Vang v\u00e0 mua v\u00e9 s\u1ed1 \u1ee7ng h\u1ed9. D\u01b0\u1edbi \u0111\u00e2y l\u00e0 k\u1ebft qu\u1ea3 c\u1ee7a nh\u1eefng v\u00e9 s\u1ed1 \u0111\u01b0\u1ee3c tr\u00fang gi\u1ea3i. Xin q\u00fay v\u1ecb li\u00ean l\u1ea1c ch\u1ecb Th\u1ee5c-Trinh, \u0111i\u1ec7n tho\u1ea1i (617) 480-1716 \u0111\u1ec3 l\u00e3nh gi\u1ea3i th\u01b0\u1edfng. Thank [&hellip;]<\/p>\n\t<\/div><!-- .entry-summary -->\n\t<footer class=\"entry-footer\">\n\t\t\t<div class=\"entry-actions\">\n\t\t\t<p class=\"more-link-wrap\">\n\t\t\t\t<a href=\"https:\/\/cttdva.org\/en\/2025\/01\/28\/xo-so-hoi-cho-tet-2025\/\" class=\"post-more-link\">\n\t\t\t\t\tRead More<span class=\"screen-reader-text\"> X\u1ed4 S\u1ed0 H\u1ed8I CH\u1ee2 T\u1ebeT 2025<\/span><span class=\"kadence-svg-iconset svg-baseline\"><svg aria-hidden=\"true\" class=\"kadence-svg-icon kadence-arrow-right-alt-svg\" fill=\"currentColor\" version=\"1.1\" xmlns=\"http:\/\/www.w3.org\/2000\/svg\" width=\"27\" height=\"28\" viewBox=\"0 0 27 28\"><title>Continue<\/title><path d=\"M27 13.953c0 0.141-0.063 0.281-0.156 0.375l-6 5.531c-0.156 0.141-0.359 0.172-0.547 0.094-0.172-0.078-0.297-0.25-0.297-0.453v-3.5h-19.5c-0.281 0-0.5-0.219-0.5-0.5v-3c0-0.281 0.219-0.5 0.5-0.5h19.5v-3.5c0-0.203 0.109-0.375 0.297-0.453s0.391-0.047 0.547 0.078l6 5.469c0.094 0.094 0.156 0.219 0.156 0.359v0z\"><\/path>\n\t\t\t<\/svg><\/span>\t\t\t\t<\/a>\n\t\t\t<\/p>\n\t\t<\/div><!-- .entry-actions -->\n\t\t<\/footer><!-- .entry-footer -->\t\t<\/div>\n\t<\/article>\n<\/li>\n<li class=\"kb-post-list-item\">\n\t<article class=\"entry content-bg loop-entry post-1755 post type-post status-publish format-standard hentry category-announcements\">\n\t\t\t\t<div class=\"entry-content-wrap\">\n\t\t\t<header class=\"entry-header\">\n\t<h3 class=\"entry-title\"><a href=\"https:\/\/cttdva.org\/en\/2025\/01\/03\/hoat-canh-chua-giang-sinh-2025\/\" rel=\"bookmark\">Ho\u1ea1t C\u1ea3nh Ch\u00faa Gi\u00e1ng Sinh 2025<\/a><\/h3>\t<div class=\"entry-meta entry-meta-divider-dot\">\n\t\t\t\t<span class=\"posted-on\">\n\t\t\t\t<time class=\"entry-date published\" datetime=\"2025-01-03T18:26:46-05:00\">January 3, 2025<\/time><time class=\"updated\" datetime=\"2025-01-03T18:35:41-05:00\">January 3, 2025<\/time>\t\t\t<\/span>\n\t\t\t\t<\/div><!-- .entry-meta -->\n\t<\/header><!-- .entry-header -->\n\t<div class=\"entry-summary\">\n\t\t<p>K\u00ednh g\u1edfi qu\u00fd v\u1ecb video Ho\u1ea1t C\u1ea3nh Ch\u00faa Gi\u00e1ng Sinh do c\u00e1c em \u0110o\u00e0n Th\u00e1nh T\u00e2m th\u1ef1c hi\u1ec7n.<\/p>\n\t<\/div><!-- .entry-summary -->\n\t<footer class=\"entry-footer\">\n\t\t\t<div class=\"entry-actions\">\n\t\t\t<p class=\"more-link-wrap\">\n\t\t\t\t<a href=\"https:\/\/cttdva.org\/en\/2025\/01\/03\/hoat-canh-chua-giang-sinh-2025\/\" class=\"post-more-link\">\n\t\t\t\t\tRead More<span class=\"screen-reader-text\"> Ho\u1ea1t C\u1ea3nh Ch\u00faa Gi\u00e1ng Sinh 2025<\/span><span class=\"kadence-svg-iconset svg-baseline\"><svg aria-hidden=\"true\" class=\"kadence-svg-icon kadence-arrow-right-alt-svg\" fill=\"currentColor\" version=\"1.1\" xmlns=\"http:\/\/www.w3.org\/2000\/svg\" width=\"27\" height=\"28\" viewBox=\"0 0 27 28\"><title>Continue<\/title><path d=\"M27 13.953c0 0.141-0.063 0.281-0.156 0.375l-6 5.531c-0.156 0.141-0.359 0.172-0.547 0.094-0.172-0.078-0.297-0.25-0.297-0.453v-3.5h-19.5c-0.281 0-0.5-0.219-0.5-0.5v-3c0-0.281 0.219-0.5 0.5-0.5h19.5v-3.5c0-0.203 0.109-0.375 0.297-0.453s0.391-0.047 0.547 0.078l6 5.469c0.094 0.094 0.156 0.219 0.156 0.359v0z\"><\/path>\n\t\t\t<\/svg><\/span>\t\t\t\t<\/a>\n\t\t\t<\/p>\n\t\t<\/div><!-- .entry-actions -->\n\t\t<\/footer><!-- .entry-footer -->\t\t<\/div>\n\t<\/article>\n<\/li>\n<\/ul>","protected":false},"excerpt":{"rendered":"","protected":false},"author":1,"featured_media":0,"parent":67,"menu_order":0,"comment_status":"closed","ping_status":"closed","template":"","meta":{"_coblocks_attr":"","_coblocks_dimensions":"","_coblocks_responsive_height":"","_coblocks_accordion_ie_support":"","site-sidebar-layout":"default","site-content-layout":"","ast-site-content-layout":"","site-content-style":"default","site-sidebar-style":"default","ast-global-header-display":"","ast-banner-title-visibility":"","ast-main-header-display":"","ast-hfb-above-header-display":"","ast-hfb-below-header-display":"","ast-hfb-mobile-header-display":"","site-post-title":"","ast-breadcrumbs-content":"","ast-featured-img":"","footer-sml-layout":"","theme-transparent-header-meta":"","adv-header-id-meta":"","stick-header-meta":"","header-above-stick-meta":"","header-main-stick-meta":"","header-below-stick-meta":"","astra-migrate-meta-layouts":"default","ast-page-background-enabled":"default","ast-page-background-meta":{"desktop":{"background-color":"var(--ast-global-color-4)","background-image":"","background-repeat":"repeat","background-position":"center center","background-size":"auto","background-attachment":"scroll","background-type":"","background-media":"","overlay-type":"","overlay-color":"","overlay-opacity":"","overlay-gradient":""},"tablet":{"background-color":"","background-image":"","background-repeat":"repeat","background-position":"center center","background-size":"auto","background-attachment":"scroll","background-type":"","background-media":"","overlay-type":"","overlay-color":"","overlay-opacity":"","overlay-gradient":""},"mobile":{"background-color":"","background-image":"","background-repeat":"repeat","background-position":"center center","background-size":"auto","background-attachment":"scroll","background-type":"","background-media":"","overlay-type":"","overlay-color":"","overlay-opacity":"","overlay-gradient":""}},"ast-content-background-meta":{"desktop":{"background-color":"var(--ast-global-color-5)","background-image":"","background-repeat":"repeat","background-position":"center center","background-size":"auto","background-attachment":"scroll","background-type":"","background-media":"","overlay-type":"","overlay-color":"","overlay-opacity":"","overlay-gradient":""},"tablet":{"background-color":"var(--ast-global-color-5)","background-image":"","background-repeat":"repeat","background-position":"center center","background-size":"auto","background-attachment":"scroll","background-type":"","background-media":"","overlay-type":"","overlay-color":"","overlay-opacity":"","overlay-gradient":""},"mobile":{"background-color":"var(--ast-global-color-5)","background-image":"","background-repeat":"repeat","background-position":"center center","background-size":"auto","background-attachment":"scroll","background-type":"","background-media":"","overlay-type":"","overlay-color":"","overlay-opacity":"","overlay-gradient":""}},"footnotes":""},"class_list":["post-71","page","type-page","status-publish","hentry"],"yoast_head":"<!-- This site is optimized with the Yoast SEO plugin v27.5 - https:\/\/yoast.com\/product\/yoast-seo-wordpress\/ -->\n<title>Announcements - Holy Martyrs of Vietnam<\/title>\n<meta name=\"description\" content=\"Announcements for the Holy Martyrs of Vietnam Catholic Church.\" \/>\n<meta name=\"robots\" content=\"index, follow, max-snippet:-1, max-image-preview:large, max-video-preview:-1\" \/>\n<link rel=\"canonical\" href=\"https:\/\/cttdva.org\/en\/news\/announcements\/\" \/>\n<meta property=\"og:locale\" content=\"en_US\" \/>\n<meta property=\"og:type\" content=\"article\" \/>\n<meta property=\"og:title\" content=\"Announcements - Holy Martyrs of Vietnam\" \/>\n<meta property=\"og:description\" content=\"Announcements for the Holy Martyrs of Vietnam Catholic Church.\" \/>\n<meta property=\"og:url\" content=\"https:\/\/cttdva.org\/en\/news\/announcements\/\" \/>\n<meta property=\"og:site_name\" content=\"Holy Martyrs of Vietnam\" \/>\n<meta property=\"article:publisher\" content=\"https:\/\/www.facebook.com\/cttdva\/\" \/>\n<meta property=\"article:modified_time\" content=\"2026-02-20T19:48:34+00:00\" \/>\n<meta name=\"twitter:card\" content=\"summary_large_image\" \/>\n<script type=\"application\/ld+json\" class=\"yoast-schema-graph\">{\"@context\":\"https:\\\/\\\/schema.org\",\"@graph\":[{\"@type\":\"WebPage\",\"@id\":\"https:\\\/\\\/cttdva.org\\\/en\\\/news\\\/announcements\\\/\",\"url\":\"https:\\\/\\\/cttdva.org\\\/en\\\/news\\\/announcements\\\/\",\"name\":\"Announcements - Holy Martyrs of Vietnam\",\"isPartOf\":{\"@id\":\"https:\\\/\\\/cttdva.org\\\/en\\\/#website\"},\"datePublished\":\"2024-10-28T01:34:12+00:00\",\"dateModified\":\"2026-02-20T19:48:34+00:00\",\"description\":\"Announcements for the Holy Martyrs of Vietnam Catholic Church.\",\"breadcrumb\":{\"@id\":\"https:\\\/\\\/cttdva.org\\\/en\\\/news\\\/announcements\\\/#breadcrumb\"},\"inLanguage\":\"en-US\",\"potentialAction\":[{\"@type\":\"ReadAction\",\"target\":[\"https:\\\/\\\/cttdva.org\\\/en\\\/news\\\/announcements\\\/\"]}]},{\"@type\":\"BreadcrumbList\",\"@id\":\"https:\\\/\\\/cttdva.org\\\/en\\\/news\\\/announcements\\\/#breadcrumb\",\"itemListElement\":[{\"@type\":\"ListItem\",\"position\":1,\"name\":\"Home\",\"item\":\"https:\\\/\\\/cttdva.org\\\/en\\\/\"},{\"@type\":\"ListItem\",\"position\":2,\"name\":\"News\",\"item\":\"https:\\\/\\\/cttdva.org\\\/vi\\\/news\\\/\"},{\"@type\":\"ListItem\",\"position\":3,\"name\":\"Announcements\"}]},{\"@type\":\"WebSite\",\"@id\":\"https:\\\/\\\/cttdva.org\\\/en\\\/#website\",\"url\":\"https:\\\/\\\/cttdva.org\\\/en\\\/\",\"name\":\"Holy Martyrs of Vietnam\",\"description\":\"\",\"publisher\":{\"@id\":\"https:\\\/\\\/cttdva.org\\\/en\\\/#organization\"},\"potentialAction\":[{\"@type\":\"SearchAction\",\"target\":{\"@type\":\"EntryPoint\",\"urlTemplate\":\"https:\\\/\\\/cttdva.org\\\/en\\\/?s={search_term_string}\"},\"query-input\":{\"@type\":\"PropertyValueSpecification\",\"valueRequired\":true,\"valueName\":\"search_term_string\"}}],\"inLanguage\":\"en-US\"},{\"@type\":\"Organization\",\"@id\":\"https:\\\/\\\/cttdva.org\\\/en\\\/#organization\",\"name\":\"Holy Martyrs of Vietnam\",\"url\":\"https:\\\/\\\/cttdva.org\\\/en\\\/\",\"logo\":{\"@type\":\"ImageObject\",\"inLanguage\":\"en-US\",\"@id\":\"https:\\\/\\\/cttdva.org\\\/en\\\/#\\\/schema\\\/logo\\\/image\\\/\",\"url\":\"https:\\\/\\\/cttdva.org\\\/wp-content\\\/uploads\\\/2024\\\/11\\\/cttdva.logo_.lg_.png\",\"contentUrl\":\"https:\\\/\\\/cttdva.org\\\/wp-content\\\/uploads\\\/2024\\\/11\\\/cttdva.logo_.lg_.png\",\"width\":25,\"height\":23,\"caption\":\"Holy Martyrs of Vietnam\"},\"image\":{\"@id\":\"https:\\\/\\\/cttdva.org\\\/en\\\/#\\\/schema\\\/logo\\\/image\\\/\"},\"sameAs\":[\"https:\\\/\\\/www.facebook.com\\\/cttdva\\\/\",\"https:\\\/\\\/www.youtube.com\\\/@gxcttdva\"]}]}<\/script>\n<!-- \/ Yoast SEO plugin. -->","yoast_head_json":{"title":"Announcements - Holy Martyrs of Vietnam","description":"Announcements for the Holy Martyrs of Vietnam Catholic Church.","robots":{"index":"index","follow":"follow","max-snippet":"max-snippet:-1","max-image-preview":"max-image-preview:large","max-video-preview":"max-video-preview:-1"},"canonical":"https:\/\/cttdva.org\/en\/news\/announcements\/","og_locale":"en_US","og_type":"article","og_title":"Announcements - Holy Martyrs of Vietnam","og_description":"Announcements for the Holy Martyrs of Vietnam Catholic Church.","og_url":"https:\/\/cttdva.org\/en\/news\/announcements\/","og_site_name":"Holy Martyrs of Vietnam","article_publisher":"https:\/\/www.facebook.com\/cttdva\/","article_modified_time":"2026-02-20T19:48:34+00:00","twitter_card":"summary_large_image","schema":{"@context":"https:\/\/schema.org","@graph":[{"@type":"WebPage","@id":"https:\/\/cttdva.org\/en\/news\/announcements\/","url":"https:\/\/cttdva.org\/en\/news\/announcements\/","name":"Announcements - Holy Martyrs of Vietnam","isPartOf":{"@id":"https:\/\/cttdva.org\/en\/#website"},"datePublished":"2024-10-28T01:34:12+00:00","dateModified":"2026-02-20T19:48:34+00:00","description":"Announcements for the Holy Martyrs of Vietnam Catholic Church.","breadcrumb":{"@id":"https:\/\/cttdva.org\/en\/news\/announcements\/#breadcrumb"},"inLanguage":"en-US","potentialAction":[{"@type":"ReadAction","target":["https:\/\/cttdva.org\/en\/news\/announcements\/"]}]},{"@type":"BreadcrumbList","@id":"https:\/\/cttdva.org\/en\/news\/announcements\/#breadcrumb","itemListElement":[{"@type":"ListItem","position":1,"name":"Home","item":"https:\/\/cttdva.org\/en\/"},{"@type":"ListItem","position":2,"name":"News","item":"https:\/\/cttdva.org\/vi\/news\/"},{"@type":"ListItem","position":3,"name":"Announcements"}]},{"@type":"WebSite","@id":"https:\/\/cttdva.org\/en\/#website","url":"https:\/\/cttdva.org\/en\/","name":"Holy Martyrs of Vietnam","description":"","publisher":{"@id":"https:\/\/cttdva.org\/en\/#organization"},"potentialAction":[{"@type":"SearchAction","target":{"@type":"EntryPoint","urlTemplate":"https:\/\/cttdva.org\/en\/?s={search_term_string}"},"query-input":{"@type":"PropertyValueSpecification","valueRequired":true,"valueName":"search_term_string"}}],"inLanguage":"en-US"},{"@type":"Organization","@id":"https:\/\/cttdva.org\/en\/#organization","name":"Holy Martyrs of Vietnam","url":"https:\/\/cttdva.org\/en\/","logo":{"@type":"ImageObject","inLanguage":"en-US","@id":"https:\/\/cttdva.org\/en\/#\/schema\/logo\/image\/","url":"https:\/\/cttdva.org\/wp-content\/uploads\/2024\/11\/cttdva.logo_.lg_.png","contentUrl":"https:\/\/cttdva.org\/wp-content\/uploads\/2024\/11\/cttdva.logo_.lg_.png","width":25,"height":23,"caption":"Holy Martyrs of Vietnam"},"image":{"@id":"https:\/\/cttdva.org\/en\/#\/schema\/logo\/image\/"},"sameAs":["https:\/\/www.facebook.com\/cttdva\/","https:\/\/www.youtube.com\/@gxcttdva"]}]}},"_links":{"self":[{"href":"https:\/\/cttdva.org\/en\/wp-json\/wp\/v2\/pages\/71","targetHints":{"allow":["GET"]}}],"collection":[{"href":"https:\/\/cttdva.org\/en\/wp-json\/wp\/v2\/pages"}],"about":[{"href":"https:\/\/cttdva.org\/en\/wp-json\/wp\/v2\/types\/page"}],"author":[{"embeddable":true,"href":"https:\/\/cttdva.org\/en\/wp-json\/wp\/v2\/users\/1"}],"replies":[{"embeddable":true,"href":"https:\/\/cttdva.org\/en\/wp-json\/wp\/v2\/comments?post=71"}],"version-history":[{"count":19,"href":"https:\/\/cttdva.org\/en\/wp-json\/wp\/v2\/pages\/71\/revisions"}],"predecessor-version":[{"id":2495,"href":"https:\/\/cttdva.org\/en\/wp-json\/wp\/v2\/pages\/71\/revisions\/2495"}],"up":[{"embeddable":true,"href":"https:\/\/cttdva.org\/en\/wp-json\/wp\/v2\/pages\/67"}],"wp:attachment":[{"href":"https:\/\/cttdva.org\/en\/wp-json\/wp\/v2\/media?parent=71"}],"curies":[{"name":"wp","href":"https:\/\/api.w.org\/{rel}","templated":true}]}}