{"id":1933,"date":"2025-02-01T21:36:46","date_gmt":"2025-02-02T02:36:46","guid":{"rendered":"https:\/\/cttdva.org\/?page_id=1933"},"modified":"2026-03-21T12:16:26","modified_gmt":"2026-03-21T17:16:26","slug":"school-of-religious-education-vietnamese-language","status":"publish","type":"page","link":"https:\/\/cttdva.org\/vi\/school-of-religious-education-vietnamese-language\/","title":{"rendered":"Tr\u01b0\u1eddng Gi\u00e1o L\u00fd &amp; Vi\u1ec7t Ng\u1eef"},"content":{"rendered":"<h2 class=\"wp-block-heading\" style=\"font-size:1.5em\">Th\u00f4ng B\u00e1o<\/h2>\n\n\n\n<blockquote class=\"wp-block-quote is-layout-flow wp-block-quote-is-layout-flow\">\n<p class=\"has-text-align-center has-medium-font-size\" style=\"font-size:38px\"><strong><em><u>Th\u00f4ng B\u00e1o Ghi Danh Gi\u00e1o L\u00fd Vi\u1ec7t Ng\u1eef N\u0103m H\u1ecdc 2026-2027<\/u><\/em><\/strong><\/p>\n\n\n\n<p><em>Ch\u01b0\u01a1ng Tr\u00ecnh Gi\u00e1o L\u00fd v\u00e0 Vi\u1ec7t Ng\u1eef b\u1eaft \u0111\u1ea7u vi\u1ec7c ghi danh ni\u00ean kh\u00f3a 2026-2027, d\u00e0nh cho c\u00e1c em t\u1eeb L\u1edbp M\u1eabu Gi\u00e1o t\u1edbi L\u1edbp 12, v\u00e0o c\u00e1c Th\u1ee9 B\u1ea9y, t\u1eeb ng\u00e0y 21 th\u00e1ng 3 t\u1edbi ng\u00e0y 6 th\u00e1ng 6, 2026, t\u1ea1i Trung T\u00e2m Gi\u00e1o D\u1ee5c Gi\u00e1o X\u1ee9, t\u1eeb 1 gi\u1edd tr\u01b0a t\u1edbi 5 gi\u1edd 30 chi\u1ec1u. N\u1ebfu con em qu\u00fd v\u1ecb s\u1ebd h\u1ecdc c\u00e1c l\u1edbp chu\u1ea9n b\u1ecb \u0111\u1ec3 l\u00e3nh nh\u1eadn B\u00ed T\u00edch Gi\u1ea3i T\u1ed9i v\u00e0 M\u00ecnh Th\u00e1nh Ch\u00faa (L\u1edbp 3) ho\u1eb7c B\u00ed T\u00edch Th\u00eam S\u1ee9c (L\u1edbp 10), xin qu\u00fd v\u1ecb \u0111em theo gi\u1ea5y ch\u1ee9ng nh\u1eadn \u0111\u00e3 \u0111\u01b0\u1ee3c l\u00e3nh nh\u1eadn B\u00ed T\u00edch R\u1eeda T\u1ed9i v\u00e0 R\u01b0\u1edbc L\u1ec5 L\u1ea7n \u0110\u1ea7u. N\u1ebfu con em c\u1ee7a qu\u00fd v\u1ecb l\u00e0 h\u1ecdc sinh m\u1edbi, xin \u0111i\u1ec1n \u0111\u01a1n xin h\u1ecdc (\u1edf ti\u1ec1n s\u1ea3nh ho\u1eb7c tr\u00ean trang m\u1ea1ng gi\u00e1o x\u1ee9) v\u00e0 xin \u0111em gi\u1ea5y ch\u1ee9ng nh\u1eadn \u0111\u00e3 \u0111\u01b0\u1ee3c l\u00e3nh nh\u1eadn B\u00ed T\u00edch R\u1eeda T\u1ed9i.<\/em><\/p>\n\n\n\n<p><strong><em>Registration Announcement for Vietnamese Language and Catechism Classes, School Year 2026\u20132027<\/em><\/strong><em><\/em><\/p>\n\n\n\n<p><em>The Vietnamese Language and Catechism Program is now open for registration for the 2026\u20132027 school year. The program is for students from Kindergarten through Grade 12.<\/em><\/p>\n\n\n\n<p class=\"body {   font-family: -apple-system, BlinkMacSystemFont, &quot;Segoe UI&quot;, Roboto, Arial, sans-serif;   font-size: 16px;   line-height: 1.6;   color: #333333;   background-color: #ffffff; }\"><em>Registration will take place on Saturdays, from March 21 to June 6, 2026, at the Parish Education Center, from 1:00 PM to 5:30 PM.<\/em><\/p>\n\n\n\n<p>If your children will be attending classes in preparation for receiving the Sacraments of Reconciliation and First Holy Communion (Grade 3) or Confirmation (Grade 10), please bring certificates of Baptism and First Holy Communion.<\/p>\n\n\n\n<p>If your children are new students, please fill out an application form (available in the lobby or on the parish website) and bring a copy of their Baptism certificate.<\/p>\n<\/blockquote>\n\n\n\n<hr class=\"wp-block-separator has-alpha-channel-opacity\"\/>\n\n\n\n<h2 class=\"wp-block-heading\" style=\"font-size:1.5em\">Th\u00f4ng Tin Ch\u01b0\u01a1ng Tr\u00ccnh H\u1ecdc<\/h2>\n\n\n\n<ul class=\"wp-block-list\">\n<li><a href=\"https:\/\/cttdva.org\/wp-content\/uploads\/2026\/03\/GLVN-Application-2026-2027.pdf\" target=\"_blank\" rel=\"noreferrer noopener nofollow\">Registration for CCD &amp; Vietnamese Language 2026-2027 (PDF)<\/a><\/li>\n\n\n\n<li><a href=\"https:\/\/cttdva.org\/wp-content\/uploads\/2025\/11\/GLVN-Calendar-GX2.xlsx\" target=\"_blank\" rel=\"noreferrer noopener nofollow\">Academic Calendar 2025-2026<\/a><\/li>\n\n\n\n<li><a href=\"https:\/\/cttdva.org\/wp-content\/uploads\/2025\/08\/Mass-On-Call-Schedule-1.xlsx\">Mass On Call Schedule<\/a><\/li>\n\n\n\n<li><a href=\"https:\/\/cttdva.org\/wp-content\/uploads\/2025\/09\/Noi-Qui-Revised-.pdf\" target=\"_blank\" rel=\"noreferrer noopener\">N\u1ed9i Qui - Ti\u1ebfng Vi\u1ec7t<\/a><\/li>\n\n\n\n<li><a href=\"https:\/\/cttdva.org\/wp-content\/uploads\/2025\/09\/STUDENT-RULES-AND-RESPONSIBILITIES.pdf\" target=\"_blank\" rel=\"noreferrer noopener\">N\u1ed9i Qui - Ti\u1ebfng Anh<\/a><\/li>\n\n\n\n<li><a href=\"https:\/\/cttdva.org\/wp-content\/uploads\/2026\/01\/Confirmation-Registration-Form_2025.pdf\" target=\"_blank\" rel=\"noreferrer noopener\">\u0110\u01a1n X\u00e1c Nh\u1eadn Ng\u01b0\u1eddi \u0110\u1ee1 \u0110\u1ea7u Th\u00eam S\u1ee9c<\/a><\/li>\n\n\n\n<li><a href=\"https:\/\/cttdva.org\/wp-content\/uploads\/2026\/01\/CONFIRMATION-SPONSORSHIP-CERTIFICATE-2025-26_final.pdf\" target=\"_blank\" rel=\"noreferrer noopener\">\u0110\u01a1n Ghi Danh Th\u00eam S\u1ee9c<\/a><\/li>\n\n\n\n<li><a href=\"https:\/\/cttdva.org\/wp-content\/uploads\/2026\/01\/FIRST-HOLY-COMMUNION-REGISTRATION-FORM_2025.pdf\" target=\"_blank\" rel=\"noreferrer noopener\">\u0110\u01a1n Ghi Danh X\u01b0ng T\u1ed9i R\u01b0\u1edbc L\u1ec5 L\u1ea7n \u0110\u1ea7u<\/a><\/li>\n<\/ul>\n\n\n\n<hr class=\"wp-block-separator has-alpha-channel-opacity\"\/>\n\n\n\n<h2 class=\"wp-block-heading\" style=\"font-size:1.5em\">Th\u00f4ng Tin Ph\u1ee5ng V\u1ee5<\/h2>\n\n\n\n<ul class=\"wp-block-list\">\n<li><a href=\"https:\/\/ktcgkpv.org\/readings\/mass-reading\" target=\"_blank\">B\u00e0i \u0110\u1ecdc v\u00e0 Ph\u00fac \u00c2m H\u1eb1ng Ng\u00e0y - Ti\u1ebfng Vi\u1ec7t<\/a><\/li>\n\n\n\n<li class=\"link-file\" style=\"font-size:1em\"><a href=\"https:\/\/bible.usccb.org\/\" target=\"_blank\" rel=\"noreferrer noopener nofollow\">B\u00e0i \u0110\u1ecdc v\u00e0 Ph\u00fac \u00c2m H\u1eb1ng Ng\u00e0y - Ti\u1ebfng Anh<\/a><\/li>\n\n\n\n<li><a href=\"https:\/\/cttdva.org\/wp-content\/uploads\/2025\/10\/Mass-On-Call-Schedule.xlsx\" target=\"_blank\" rel=\"noreferrer noopener nofollow\">Mass On-Call Schedule 2025-2026<\/a><\/li>\n<\/ul>\n\n\n\n<hr class=\"wp-block-separator has-alpha-channel-opacity\"\/>\n\n\n\n<h2 class=\"wp-block-heading\" style=\"font-size:1.5em\">Li\u00ean L\u1ea1c<\/h2>\n\n\n\n<ul class=\"wp-block-list\">\n<li><a href=\"mailto:vpgd@cttdva.com\">vpgd@cttdva.com<\/a><br>(703) 982-7515<\/li>\n<\/ul>","protected":false},"excerpt":{"rendered":"<p>Announcements Th\u00f4ng B\u00e1o Ghi Danh Gi\u00e1o L\u00fd Vi\u1ec7t Ng\u1eef N\u0103m H\u1ecdc 2026-2027 Ch\u01b0\u01a1ng Tr\u00ecnh Gi\u00e1o L\u00fd v\u00e0 Vi\u1ec7t Ng\u1eef b\u1eaft \u0111\u1ea7u vi\u1ec7c ghi danh ni\u00ean kh\u00f3a 2026-2027, d\u00e0nh cho c\u00e1c em t\u1eeb L\u1edbp M\u1eabu Gi\u00e1o t\u1edbi L\u1edbp 12, v\u00e0o c\u00e1c Th\u1ee9 B\u1ea9y, t\u1eeb ng\u00e0y 21 th\u00e1ng 3 t\u1edbi ng\u00e0y 6 th\u00e1ng 6, 2026, t\u1ea1i Trung [&hellip;]<\/p>\n","protected":false},"author":1,"featured_media":0,"parent":0,"menu_order":0,"comment_status":"closed","ping_status":"closed","template":"","meta":{"_coblocks_attr":"","_coblocks_dimensions":"","_coblocks_responsive_height":"","_coblocks_accordion_ie_support":"","site-sidebar-layout":"default","site-content-layout":"","ast-site-content-layout":"","site-content-style":"default","site-sidebar-style":"default","ast-global-header-display":"","ast-banner-title-visibility":"","ast-main-header-display":"","ast-hfb-above-header-display":"","ast-hfb-below-header-display":"","ast-hfb-mobile-header-display":"","site-post-title":"","ast-breadcrumbs-content":"","ast-featured-img":"","footer-sml-layout":"","theme-transparent-header-meta":"","adv-header-id-meta":"","stick-header-meta":"","header-above-stick-meta":"","header-main-stick-meta":"","header-below-stick-meta":"","astra-migrate-meta-layouts":"default","ast-page-background-enabled":"default","ast-page-background-meta":{"desktop":{"background-color":"var(--ast-global-color-4)","background-image":"","background-repeat":"repeat","background-position":"center center","background-size":"auto","background-attachment":"scroll","background-type":"","background-media":"","overlay-type":"","overlay-color":"","overlay-opacity":"","overlay-gradient":""},"tablet":{"background-color":"","background-image":"","background-repeat":"repeat","background-position":"center center","background-size":"auto","background-attachment":"scroll","background-type":"","background-media":"","overlay-type":"","overlay-color":"","overlay-opacity":"","overlay-gradient":""},"mobile":{"background-color":"","background-image":"","background-repeat":"repeat","background-position":"center center","background-size":"auto","background-attachment":"scroll","background-type":"","background-media":"","overlay-type":"","overlay-color":"","overlay-opacity":"","overlay-gradient":""}},"ast-content-background-meta":{"desktop":{"background-color":"var(--ast-global-color-5)","background-image":"","background-repeat":"repeat","background-position":"center center","background-size":"auto","background-attachment":"scroll","background-type":"","background-media":"","overlay-type":"","overlay-color":"","overlay-opacity":"","overlay-gradient":""},"tablet":{"background-color":"var(--ast-global-color-5)","background-image":"","background-repeat":"repeat","background-position":"center center","background-size":"auto","background-attachment":"scroll","background-type":"","background-media":"","overlay-type":"","overlay-color":"","overlay-opacity":"","overlay-gradient":""},"mobile":{"background-color":"var(--ast-global-color-5)","background-image":"","background-repeat":"repeat","background-position":"center center","background-size":"auto","background-attachment":"scroll","background-type":"","background-media":"","overlay-type":"","overlay-color":"","overlay-opacity":"","overlay-gradient":""}},"footnotes":""},"class_list":["post-1933","page","type-page","status-publish","hentry"],"yoast_head":"<!-- This site is optimized with the Yoast SEO plugin v27.3 - https:\/\/yoast.com\/product\/yoast-seo-wordpress\/ -->\n<title>School of Religious Education &amp; Vietnamese Language - Holy Martyrs of Vietnam<\/title>\n<meta name=\"robots\" content=\"index, follow, max-snippet:-1, max-image-preview:large, max-video-preview:-1\" \/>\n<link rel=\"canonical\" href=\"https:\/\/cttdva.org\/vi\/school-of-religious-education-vietnamese-language\/\" \/>\n<meta property=\"og:locale\" content=\"vi_VN\" \/>\n<meta property=\"og:type\" content=\"article\" \/>\n<meta property=\"og:title\" content=\"School of Religious Education &amp; Vietnamese Language - Holy Martyrs of Vietnam\" \/>\n<meta property=\"og:description\" content=\"Announcements Th\u00f4ng B\u00e1o Ghi Danh Gi\u00e1o L\u00fd Vi\u1ec7t Ng\u1eef N\u0103m H\u1ecdc 2026-2027 Ch\u01b0\u01a1ng Tr\u00ecnh Gi\u00e1o L\u00fd v\u00e0 Vi\u1ec7t Ng\u1eef b\u1eaft \u0111\u1ea7u vi\u1ec7c ghi danh ni\u00ean kh\u00f3a 2026-2027, d\u00e0nh cho c\u00e1c em t\u1eeb L\u1edbp M\u1eabu Gi\u00e1o t\u1edbi L\u1edbp 12, v\u00e0o c\u00e1c Th\u1ee9 B\u1ea9y, t\u1eeb ng\u00e0y 21 th\u00e1ng 3 t\u1edbi ng\u00e0y 6 th\u00e1ng 6, 2026, t\u1ea1i Trung [&hellip;]\" \/>\n<meta property=\"og:url\" content=\"https:\/\/cttdva.org\/vi\/school-of-religious-education-vietnamese-language\/\" \/>\n<meta property=\"og:site_name\" content=\"Holy Martyrs of Vietnam\" \/>\n<meta property=\"article:publisher\" content=\"https:\/\/www.facebook.com\/cttdva\/\" \/>\n<meta property=\"article:modified_time\" content=\"2026-03-21T17:16:26+00:00\" \/>\n<meta name=\"twitter:card\" content=\"summary_large_image\" \/>\n<meta name=\"twitter:label1\" content=\"\u01af\u1edbc t\u00ednh th\u1eddi gian \u0111\u1ecdc\" \/>\n\t<meta name=\"twitter:data1\" content=\"1 ph\u00fat\" \/>\n<script type=\"application\/ld+json\" class=\"yoast-schema-graph\">{\"@context\":\"https:\\\/\\\/schema.org\",\"@graph\":[{\"@type\":\"WebPage\",\"@id\":\"https:\\\/\\\/cttdva.org\\\/en\\\/school-of-religious-education-vietnamese-language\\\/\",\"url\":\"https:\\\/\\\/cttdva.org\\\/en\\\/school-of-religious-education-vietnamese-language\\\/\",\"name\":\"School of Religious Education &amp; Vietnamese Language - Holy Martyrs of Vietnam\",\"isPartOf\":{\"@id\":\"https:\\\/\\\/cttdva.org\\\/en\\\/#website\"},\"datePublished\":\"2025-02-02T02:36:46+00:00\",\"dateModified\":\"2026-03-21T17:16:26+00:00\",\"breadcrumb\":{\"@id\":\"https:\\\/\\\/cttdva.org\\\/en\\\/school-of-religious-education-vietnamese-language\\\/#breadcrumb\"},\"inLanguage\":\"vi\",\"potentialAction\":[{\"@type\":\"ReadAction\",\"target\":[\"https:\\\/\\\/cttdva.org\\\/en\\\/school-of-religious-education-vietnamese-language\\\/\"]}]},{\"@type\":\"BreadcrumbList\",\"@id\":\"https:\\\/\\\/cttdva.org\\\/en\\\/school-of-religious-education-vietnamese-language\\\/#breadcrumb\",\"itemListElement\":[{\"@type\":\"ListItem\",\"position\":1,\"name\":\"Home\",\"item\":\"https:\\\/\\\/cttdva.org\\\/en\\\/\"},{\"@type\":\"ListItem\",\"position\":2,\"name\":\"School of Religious Education &amp; Vietnamese Language\"}]},{\"@type\":\"WebSite\",\"@id\":\"https:\\\/\\\/cttdva.org\\\/en\\\/#website\",\"url\":\"https:\\\/\\\/cttdva.org\\\/en\\\/\",\"name\":\"Holy Martyrs of Vietnam\",\"description\":\"\",\"publisher\":{\"@id\":\"https:\\\/\\\/cttdva.org\\\/en\\\/#organization\"},\"potentialAction\":[{\"@type\":\"SearchAction\",\"target\":{\"@type\":\"EntryPoint\",\"urlTemplate\":\"https:\\\/\\\/cttdva.org\\\/en\\\/?s={search_term_string}\"},\"query-input\":{\"@type\":\"PropertyValueSpecification\",\"valueRequired\":true,\"valueName\":\"search_term_string\"}}],\"inLanguage\":\"vi\"},{\"@type\":\"Organization\",\"@id\":\"https:\\\/\\\/cttdva.org\\\/en\\\/#organization\",\"name\":\"Holy Martyrs of Vietnam\",\"url\":\"https:\\\/\\\/cttdva.org\\\/en\\\/\",\"logo\":{\"@type\":\"ImageObject\",\"inLanguage\":\"vi\",\"@id\":\"https:\\\/\\\/cttdva.org\\\/en\\\/#\\\/schema\\\/logo\\\/image\\\/\",\"url\":\"https:\\\/\\\/cttdva.org\\\/wp-content\\\/uploads\\\/2024\\\/11\\\/cttdva.logo_.lg_.png\",\"contentUrl\":\"https:\\\/\\\/cttdva.org\\\/wp-content\\\/uploads\\\/2024\\\/11\\\/cttdva.logo_.lg_.png\",\"width\":25,\"height\":23,\"caption\":\"Holy Martyrs of Vietnam\"},\"image\":{\"@id\":\"https:\\\/\\\/cttdva.org\\\/en\\\/#\\\/schema\\\/logo\\\/image\\\/\"},\"sameAs\":[\"https:\\\/\\\/www.facebook.com\\\/cttdva\\\/\",\"https:\\\/\\\/www.youtube.com\\\/@gxcttdva\"]}]}<\/script>\n<!-- \/ Yoast SEO plugin. -->","yoast_head_json":{"title":"School of Religious Education &amp; Vietnamese Language - Holy Martyrs of Vietnam","robots":{"index":"index","follow":"follow","max-snippet":"max-snippet:-1","max-image-preview":"max-image-preview:large","max-video-preview":"max-video-preview:-1"},"canonical":"https:\/\/cttdva.org\/vi\/school-of-religious-education-vietnamese-language\/","og_locale":"vi_VN","og_type":"article","og_title":"School of Religious Education &amp; Vietnamese Language - Holy Martyrs of Vietnam","og_description":"Announcements Th\u00f4ng B\u00e1o Ghi Danh Gi\u00e1o L\u00fd Vi\u1ec7t Ng\u1eef N\u0103m H\u1ecdc 2026-2027 Ch\u01b0\u01a1ng Tr\u00ecnh Gi\u00e1o L\u00fd v\u00e0 Vi\u1ec7t Ng\u1eef b\u1eaft \u0111\u1ea7u vi\u1ec7c ghi danh ni\u00ean kh\u00f3a 2026-2027, d\u00e0nh cho c\u00e1c em t\u1eeb L\u1edbp M\u1eabu Gi\u00e1o t\u1edbi L\u1edbp 12, v\u00e0o c\u00e1c Th\u1ee9 B\u1ea9y, t\u1eeb ng\u00e0y 21 th\u00e1ng 3 t\u1edbi ng\u00e0y 6 th\u00e1ng 6, 2026, t\u1ea1i Trung [&hellip;]","og_url":"https:\/\/cttdva.org\/vi\/school-of-religious-education-vietnamese-language\/","og_site_name":"Holy Martyrs of Vietnam","article_publisher":"https:\/\/www.facebook.com\/cttdva\/","article_modified_time":"2026-03-21T17:16:26+00:00","twitter_card":"summary_large_image","twitter_misc":{"\u01af\u1edbc t\u00ednh th\u1eddi gian \u0111\u1ecdc":"1 ph\u00fat"},"schema":{"@context":"https:\/\/schema.org","@graph":[{"@type":"WebPage","@id":"https:\/\/cttdva.org\/en\/school-of-religious-education-vietnamese-language\/","url":"https:\/\/cttdva.org\/en\/school-of-religious-education-vietnamese-language\/","name":"School of Religious Education &amp; Vietnamese Language - Holy Martyrs of Vietnam","isPartOf":{"@id":"https:\/\/cttdva.org\/en\/#website"},"datePublished":"2025-02-02T02:36:46+00:00","dateModified":"2026-03-21T17:16:26+00:00","breadcrumb":{"@id":"https:\/\/cttdva.org\/en\/school-of-religious-education-vietnamese-language\/#breadcrumb"},"inLanguage":"vi","potentialAction":[{"@type":"ReadAction","target":["https:\/\/cttdva.org\/en\/school-of-religious-education-vietnamese-language\/"]}]},{"@type":"BreadcrumbList","@id":"https:\/\/cttdva.org\/en\/school-of-religious-education-vietnamese-language\/#breadcrumb","itemListElement":[{"@type":"ListItem","position":1,"name":"Home","item":"https:\/\/cttdva.org\/en\/"},{"@type":"ListItem","position":2,"name":"School of Religious Education &amp; Vietnamese Language"}]},{"@type":"WebSite","@id":"https:\/\/cttdva.org\/en\/#website","url":"https:\/\/cttdva.org\/en\/","name":"Gi\u00e1o X\u1ee9 C\u00e1c Th\u00e1nh T\u1eed \u0110\u1ea1o Vi\u1ec7t Nam<br>\nArlington, VA","description":"","publisher":{"@id":"https:\/\/cttdva.org\/en\/#organization"},"potentialAction":[{"@type":"SearchAction","target":{"@type":"EntryPoint","urlTemplate":"https:\/\/cttdva.org\/en\/?s={search_term_string}"},"query-input":{"@type":"PropertyValueSpecification","valueRequired":true,"valueName":"search_term_string"}}],"inLanguage":"vi"},{"@type":"Organization","@id":"https:\/\/cttdva.org\/en\/#organization","name":"Gi\u00e1o X\u1ee9 C\u00e1c Th\u00e1nh T\u1eed \u0110\u1ea1o Vi\u1ec7t Nam<br>\nArlington, VA","url":"https:\/\/cttdva.org\/en\/","logo":{"@type":"ImageObject","inLanguage":"vi","@id":"https:\/\/cttdva.org\/en\/#\/schema\/logo\/image\/","url":"https:\/\/cttdva.org\/wp-content\/uploads\/2024\/11\/cttdva.logo_.lg_.png","contentUrl":"https:\/\/cttdva.org\/wp-content\/uploads\/2024\/11\/cttdva.logo_.lg_.png","width":25,"height":23,"caption":"Holy Martyrs of Vietnam"},"image":{"@id":"https:\/\/cttdva.org\/en\/#\/schema\/logo\/image\/"},"sameAs":["https:\/\/www.facebook.com\/cttdva\/","https:\/\/www.youtube.com\/@gxcttdva"]}]}},"_links":{"self":[{"href":"https:\/\/cttdva.org\/vi\/wp-json\/wp\/v2\/pages\/1933","targetHints":{"allow":["GET"]}}],"collection":[{"href":"https:\/\/cttdva.org\/vi\/wp-json\/wp\/v2\/pages"}],"about":[{"href":"https:\/\/cttdva.org\/vi\/wp-json\/wp\/v2\/types\/page"}],"author":[{"embeddable":true,"href":"https:\/\/cttdva.org\/vi\/wp-json\/wp\/v2\/users\/1"}],"replies":[{"embeddable":true,"href":"https:\/\/cttdva.org\/vi\/wp-json\/wp\/v2\/comments?post=1933"}],"version-history":[{"count":54,"href":"https:\/\/cttdva.org\/vi\/wp-json\/wp\/v2\/pages\/1933\/revisions"}],"predecessor-version":[{"id":2522,"href":"https:\/\/cttdva.org\/vi\/wp-json\/wp\/v2\/pages\/1933\/revisions\/2522"}],"wp:attachment":[{"href":"https:\/\/cttdva.org\/vi\/wp-json\/wp\/v2\/media?parent=1933"}],"curies":[{"name":"wp","href":"https:\/\/api.w.org\/{rel}","templated":true}]}}