{"id":205,"date":"2024-10-30T00:25:56","date_gmt":"2024-10-30T00:25:56","guid":{"rendered":"http:\/\/localhost\/cttdva\/?page_id=205"},"modified":"2025-02-28T16:10:53","modified_gmt":"2025-02-28T21:10:53","slug":"organizations","status":"publish","type":"page","link":"https:\/\/cttdva.org\/vi\/organizations\/","title":{"rendered":"Ban Ng\u00e0nh \u0110o\u00e0n Th\u1ec3"},"content":{"rendered":"<ul class=\"wp-block-list\">\n<li><a href=\"https:\/\/veym.net\/\" target=\"_blank\" rel=\"noreferrer noopener nofollow\">Phong Tr\u00e0o Thi\u1ebfu Nhi Th\u00e1nh Th\u1ec3 Vi\u1ec7t Nam<\/a>\n<ul class=\"wp-block-list\">\n<li>\u0110o\u00e0n Th\u00e1nh T\u00e2m\n<ul class=\"wp-block-list\">\n<li>Contact: Martin \u0110\u1ea1t B\u00f9i\n<ul class=\"wp-block-list\">\n<li>Phone: (571) 201-9646<\/li>\n\n\n\n<li>Email: duydatcomvn203@gmail.com<\/li>\n<\/ul>\n<\/li>\n<\/ul>\n<\/li>\n<\/ul>\n<\/li>\n<\/ul>\n\n\n\n<hr class=\"wp-block-separator has-alpha-channel-opacity\"\/>\n\n\n\n<h2 class=\"wp-block-heading has-medium-font-size\">C\u00e1c H\u1ed9i \u0110o\u00e0n ch\u00ednh th\u1ee9c t\u1ea1i Gi\u00e1o x\u1ee9<\/h2>\n\n\n\n<ul class=\"wp-block-list\">\n<li><a href=\"https:\/\/lienminhthanhtam.org\/\" target=\"_blank\" rel=\"noreferrer noopener nofollow\">Li\u00ean Minh Th\u00e1nh T\u00e2m<\/a>\n<ul class=\"wp-block-list\">\n<li>Contact: \u00d4ng Ph\u1ea1m Th\u00e0nh Nh\u00e2n\n<ul class=\"wp-block-list\">\n<li>Phone: (703) 826-3000<\/li>\n\n\n\n<li>Email: chrispham98@gmail.com<\/li>\n<\/ul>\n<\/li>\n<\/ul>\n<\/li>\n\n\n\n<li><a href=\"http:\/\/kofcvn.org\/hiepsidoan.html\" target=\"_blank\" rel=\"noreferrer noopener nofollow\">Hi\u1ec7p S\u0129 Columbus<\/a>\n<ul class=\"wp-block-list\">\n<li>Hi\u1ec7p S\u0129 \u0110o\u00e0n 9655 (HS\u0110-9655)\n<ul class=\"wp-block-list\">\n<li>Contact: \u00d4ng V\u00f5 V\u0103n Ch\u00e0\n<ul class=\"wp-block-list\">\n<li>Phone: (571) 239-7120<\/li>\n\n\n\n<li>Email: charlievvo@gmail.com<\/li>\n<\/ul>\n<\/li>\n<\/ul>\n<\/li>\n<\/ul>\n<\/li>\n\n\n\n<li>C\u00e1c B\u00e0 M\u1eb9 C\u00f4ng Gi\u00e1o (BMCG)\n<ul class=\"wp-block-list\">\n<li>Contact: B\u00e0 Tr\u01b0\u01a1ng Th\u1ecb V\u00e2n Dung\n<ul class=\"wp-block-list\">\n<li>Phone: (703) 608-9073<\/li>\n\n\n\n<li>Email: trangcnn@yahoo.com<\/li>\n<\/ul>\n<\/li>\n<\/ul>\n<\/li>\n\n\n\n<li>Huynh \u0110o\u00e0n Gi\u00e1o D\u00e2n \u0110aminh\n<ul class=\"wp-block-list\">\n<li>Contact: \u00d4ng Nguy\u1ec5n V\u0103n Th\u1edbi\n<ul class=\"wp-block-list\">\n<li>Phone: (703) 953-7994<\/li>\n\n\n\n<li>Email: tbirdnguyen1@aol.com<\/li>\n<\/ul>\n<\/li>\n<\/ul>\n<\/li>\n\n\n\n<li>Th\u0103ng Ti\u1ebfn H\u00f4n Nh\u00e2n (TTHN)\n<ul class=\"wp-block-list\">\n<li>Contact: \u00d4ng Nguy\u1ec5n Quang Tu\u1ea5n\n<ul class=\"wp-block-list\">\n<li>Phone: (571) 230-7423<\/li>\n\n\n\n<li>Email: thomoc201@gmail.com<\/li>\n<\/ul>\n<\/li>\n<\/ul>\n<\/li>\n\n\n\n<li>T\u00f4ng \u0110\u1ed3 Fatima (T\u0110 Fatima)\n<ul class=\"wp-block-list\">\n<li>Contact: \u00d4ng L\u01b0\u01a1ng Tu\u1ea5n Kennedy\n<ul class=\"wp-block-list\">\n<li>Phone: (703) 678-5271<\/li>\n\n\n\n<li>Email: tluongtran@gmail.com<\/li>\n<\/ul>\n<\/li>\n\n\n\n<li>Contact: B\u00e0 Lan Toner\n<ul class=\"wp-block-list\">\n<li>Phone: (703) 626-9294<\/li>\n\n\n\n<li>Email: lan.toner49@gmail.com<\/li>\n<\/ul>\n<\/li>\n<\/ul>\n<\/li>\n\n\n\n<li>\u0110\u1ea1o Binh H\u1ed3n Nh\u1ecf (H\u1ed3n Nh\u1ecf)\n<ul class=\"wp-block-list\">\n<li>Contact: B\u00e0 Ng\u00f4 Hoa\n<ul class=\"wp-block-list\">\n<li>Phone: (703) 609-0316<\/li>\n\n\n\n<li>Email: ngohoa@hotmail.com<\/li>\n<\/ul>\n<\/li>\n<\/ul>\n<\/li>\n\n\n\n<li>Ban Ph\u1ee5ng V\u1ee5 (BPV) \u2013 Ban Ph\u00f2ng Th\u00e1nh\n<ul class=\"wp-block-list\">\n<li>Contact: \u00d4ng Nguy\u1ec5n V\u0103n H\u00e0\n<ul class=\"wp-block-list\">\n<li>Phone: (571) 789-9496<\/li>\n\n\n\n<li>Email: henrybpv@yahoo.com<\/li>\n<\/ul>\n<\/li>\n<\/ul>\n<\/li>\n\n\n\n<li>Ban L\u1ec5 Sinh (BLS)\n<ul class=\"wp-block-list\">\n<li>Contact: B\u00e0 L\u00ea Thu H\u1eb1ng (Taylor)\n<ul class=\"wp-block-list\">\n<li>Phone: (571) 265-9158<\/li>\n\n\n\n<li>Email: thuhang_le@hotmail.com<\/li>\n<\/ul>\n<\/li>\n<\/ul>\n<\/li>\n\n\n\n<li>Ban Th\u1eeba T\u00e1c Vi\u00ean Th\u00e1nh Th\u1ec3 Ngo\u1ea1i Th\u01b0\u1eddng (TTVTT)\n<ul class=\"wp-block-list\">\n<li>Contact: \u00d4ng H\u1ed3 V\u0103n Ho\u00e0i\n<ul class=\"wp-block-list\">\n<li>Phone: (571) 281-5464<\/li>\n\n\n\n<li>Email: hoaivho@gmail.com<\/li>\n<\/ul>\n<\/li>\n\n\n\n<li>Contact: \u00d4ng Nguy\u1ec5n \u0110i\u1ec1n\n<ul class=\"wp-block-list\">\n<li>Phone: (703) 509-2876<\/li>\n\n\n\n<li>Email: dientnguyen04@gmail.com<\/li>\n<\/ul>\n<\/li>\n<\/ul>\n<\/li>\n\n\n\n<li>Ban Th\u1eeba T\u00e1c Vi\u00ean C\u00f4ng B\u1ed1 L\u1eddi Ch\u00faa (TTVCBLC)\n<ul class=\"wp-block-list\">\n<li>Contact: B\u00e0 Nguy\u1ec5n B\u1ea1ch Tuy\u1ebft\n<ul class=\"wp-block-list\">\n<li>Phone: (703) 887-4641<\/li>\n\n\n\n<li>Email: nguyenbtuyet5@gmail.com<\/li>\n<\/ul>\n<\/li>\n\n\n\n<li>Contact: \u00d4ng Tu\u1ea5n L\u00ea\n<ul class=\"wp-block-list\">\n<li>Phone: (571) 245-8765<\/li>\n\n\n\n<li>Email: tle3984225@yahoo.com<\/li>\n<\/ul>\n<\/li>\n<\/ul>\n<\/li>\n\n\n\n<li>Ban K\u1ef9 Thu\u1eadt \/ \u00c2m Thanh\n<ul class=\"wp-block-list\">\n<li>Contact: \u00d4ng Mai Th\u1ecd Tri\u1ec1u\n<ul class=\"wp-block-list\">\n<li>Phone: (571) 218-2366 <\/li>\n\n\n\n<li>Email: trieu.mai@cttdva.com<\/li>\n<\/ul>\n<\/li>\n\n\n\n<li>Contact: \u00d4ng Nguy\u1ec5n M\u1ed9ng H\u00f9ng\n<ul class=\"wp-block-list\">\n<li>Phone: (703) 505-1006<\/li>\n\n\n\n<li>Email: hungmong2002@yahoo.com<\/li>\n<\/ul>\n<\/li>\n<\/ul>\n<\/li>\n\n\n\n<li>Ban Tr\u1eadt T\u1ef1\n<ul class=\"wp-block-list\">\n<li>Contact: \u00d4ng V\u0169 Minh Lu\u1eadt Jeffrey\n<ul class=\"wp-block-list\">\n<li>Phone: (703) 459-4312<\/li>\n\n\n\n<li>Email: vuje@yahoo.com<\/li>\n<\/ul>\n<\/li>\n<\/ul>\n<\/li>\n\n\n\n<li>T\u00f4ng \u0110\u1ed3 Ch\u00faa T\u00ecnh Th\u01b0\u01a1ng (T\u0110CTT)\n<ul class=\"wp-block-list\">\n<li>Contact: \u00d4ng Nguy\u1ec5n V\u0103n Luy\n<ul class=\"wp-block-list\">\n<li>Phone: (571) 274-4464<\/li>\n\n\n\n<li>Email: luym41@yahoo.com<\/li>\n<\/ul>\n<\/li>\n<\/ul>\n<\/li>\n<\/ul>\n\n\n\n<hr class=\"wp-block-separator has-alpha-channel-opacity\"\/>\n\n\n\n<h2 class=\"wp-block-heading has-medium-font-size\">C\u00e1c Ca \u0111o\u00e0n<\/h2>\n\n\n\n<ul class=\"wp-block-list\">\n<li>Ca \u0111o\u00e0n Th\u00e1nh T\u00e2m (Ca \u0111o\u00e0n Thi\u1ebfu Nhi)\n<ul class=\"wp-block-list\">\n<li>Contact: Anh Martin \u0110\u1ea1t B\u00f9i\n<ul class=\"wp-block-list\">\n<li>Phone: (571) 201-9646<\/li>\n<\/ul>\n<\/li>\n<\/ul>\n<\/li>\n\n\n\n<li>Ca \u0111o\u00e0n Ave Maria\n<ul class=\"wp-block-list\">\n<li>Contact: Ch\u1ecb Tr\u1ecbnh T\u01b0\u1eddng Thi\u00ean Nga\n<ul class=\"wp-block-list\">\n<li>Phone: (703) 863-5982<\/li>\n<\/ul>\n<\/li>\n<\/ul>\n<\/li>\n\n\n\n<li>Ca \u0111o\u00e0n Cecilia\n<ul class=\"wp-block-list\">\n<li>Contact: Anh Nguy\u1ec5n V\u0103n V\u1ecdng\n<ul class=\"wp-block-list\">\n<li>Phone: (571) 437-4586<\/li>\n<\/ul>\n<\/li>\n<\/ul>\n<\/li>\n\n\n\n<li>Ca \u0111o\u00e0n Giuse\n<ul class=\"wp-block-list\">\n<li>Contact: Ch\u1ecb Nguy\u1ec5n H\u1ed3ng \u00c2n<\/li>\n<\/ul>\n<\/li>\n\n\n\n<li>Ca \u0111o\u00e0n Seraphine\n<ul class=\"wp-block-list\">\n<li>Contact: Ch\u1ecb Nguy\u1ec5n Th\u1ecb Anh Vinh\n<ul class=\"wp-block-list\">\n<li>Phone: (703) 283-2029<\/li>\n<\/ul>\n<\/li>\n<\/ul>\n<\/li>\n\n\n\n<li>Ca \u0111o\u00e0n Th\u00e1nh Gia\n<ul class=\"wp-block-list\">\n<li>Contact: Chi Lam Xuan Diem\n<ul class=\"wp-block-list\">\n<li>Phone: (703) 473-4445<\/li>\n<\/ul>\n<\/li>\n<\/ul>\n<\/li>\n\n\n\n<li>Ca \u0111o\u00e0n Phanxic\u00f4\n<ul class=\"wp-block-list\">\n<li>Contact: Augustino Maria Chau Quang Thanh<\/li>\n<\/ul>\n<\/li>\n\n\n\n<li>Ca \u0111o\u00e0n John Paul II\n<ul class=\"wp-block-list\">\n<li>Contact: Ch\u1ecb Nguy\u1ec5n Th\u1ecb Ng\u1ecdc N\u1eef\n<ul class=\"wp-block-list\">\n<li>Phone: (703) 509-7066<\/li>\n<\/ul>\n<\/li>\n<\/ul>\n<\/li>\n<\/ul>\n\n\n\n<p><\/p>","protected":false},"excerpt":{"rendered":"<p>C\u00e1c H\u1ed9i \u0110o\u00e0n ch\u00ednh th\u1ee9c t\u1ea1i Gi\u00e1o x\u1ee9 C\u00e1c Ca \u0111o\u00e0n<\/p>","protected":false},"author":1,"featured_media":0,"parent":0,"menu_order":0,"comment_status":"closed","ping_status":"closed","template":"","meta":{"_coblocks_attr":"","_coblocks_dimensions":"","_coblocks_responsive_height":"","_coblocks_accordion_ie_support":"","site-sidebar-layout":"default","site-content-layout":"","ast-site-content-layout":"","site-content-style":"default","site-sidebar-style":"default","ast-global-header-display":"","ast-banner-title-visibility":"","ast-main-header-display":"","ast-hfb-above-header-display":"","ast-hfb-below-header-display":"","ast-hfb-mobile-header-display":"","site-post-title":"","ast-breadcrumbs-content":"","ast-featured-img":"","footer-sml-layout":"","theme-transparent-header-meta":"","adv-header-id-meta":"","stick-header-meta":"","header-above-stick-meta":"","header-main-stick-meta":"","header-below-stick-meta":"","astra-migrate-meta-layouts":"default","ast-page-background-enabled":"default","ast-page-background-meta":{"desktop":{"background-color":"var(--ast-global-color-4)","background-image":"","background-repeat":"repeat","background-position":"center center","background-size":"auto","background-attachment":"scroll","background-type":"","background-media":"","overlay-type":"","overlay-color":"","overlay-opacity":"","overlay-gradient":""},"tablet":{"background-color":"","background-image":"","background-repeat":"repeat","background-position":"center center","background-size":"auto","background-attachment":"scroll","background-type":"","background-media":"","overlay-type":"","overlay-color":"","overlay-opacity":"","overlay-gradient":""},"mobile":{"background-color":"","background-image":"","background-repeat":"repeat","background-position":"center center","background-size":"auto","background-attachment":"scroll","background-type":"","background-media":"","overlay-type":"","overlay-color":"","overlay-opacity":"","overlay-gradient":""}},"ast-content-background-meta":{"desktop":{"background-color":"var(--ast-global-color-5)","background-image":"","background-repeat":"repeat","background-position":"center center","background-size":"auto","background-attachment":"scroll","background-type":"","background-media":"","overlay-type":"","overlay-color":"","overlay-opacity":"","overlay-gradient":""},"tablet":{"background-color":"var(--ast-global-color-5)","background-image":"","background-repeat":"repeat","background-position":"center center","background-size":"auto","background-attachment":"scroll","background-type":"","background-media":"","overlay-type":"","overlay-color":"","overlay-opacity":"","overlay-gradient":""},"mobile":{"background-color":"var(--ast-global-color-5)","background-image":"","background-repeat":"repeat","background-position":"center center","background-size":"auto","background-attachment":"scroll","background-type":"","background-media":"","overlay-type":"","overlay-color":"","overlay-opacity":"","overlay-gradient":""}},"footnotes":""},"class_list":["post-205","page","type-page","status-publish","hentry"],"yoast_head":"<!-- This site is optimized with the Yoast SEO plugin v27.4 - https:\/\/yoast.com\/product\/yoast-seo-wordpress\/ -->\n<title>Organizations - Holy Martyrs of Vietnam<\/title>\n<meta name=\"description\" content=\"Organizations at the Holy Martyrs of Vietnam Catholic Church.\" \/>\n<meta name=\"robots\" content=\"index, follow, max-snippet:-1, max-image-preview:large, max-video-preview:-1\" \/>\n<link rel=\"canonical\" href=\"https:\/\/cttdva.org\/vi\/organizations\/\" \/>\n<meta property=\"og:locale\" content=\"vi_VN\" \/>\n<meta property=\"og:type\" content=\"article\" \/>\n<meta property=\"og:title\" content=\"Organizations - Holy Martyrs of Vietnam\" \/>\n<meta property=\"og:description\" content=\"Organizations at the Holy Martyrs of Vietnam Catholic Church.\" \/>\n<meta property=\"og:url\" content=\"https:\/\/cttdva.org\/vi\/organizations\/\" \/>\n<meta property=\"og:site_name\" content=\"Holy Martyrs of Vietnam\" \/>\n<meta property=\"article:publisher\" content=\"https:\/\/www.facebook.com\/cttdva\/\" \/>\n<meta property=\"article:modified_time\" content=\"2025-02-28T21:10:53+00:00\" \/>\n<meta name=\"twitter:card\" content=\"summary_large_image\" \/>\n<meta name=\"twitter:label1\" content=\"\u01af\u1edbc t\u00ednh th\u1eddi gian \u0111\u1ecdc\" \/>\n\t<meta name=\"twitter:data1\" content=\"2 ph\u00fat\" \/>\n<script type=\"application\/ld+json\" class=\"yoast-schema-graph\">{\"@context\":\"https:\\\/\\\/schema.org\",\"@graph\":[{\"@type\":\"WebPage\",\"@id\":\"https:\\\/\\\/cttdva.org\\\/en\\\/organizations\\\/\",\"url\":\"https:\\\/\\\/cttdva.org\\\/en\\\/organizations\\\/\",\"name\":\"Organizations - Holy Martyrs of Vietnam\",\"isPartOf\":{\"@id\":\"https:\\\/\\\/cttdva.org\\\/en\\\/#website\"},\"datePublished\":\"2024-10-30T00:25:56+00:00\",\"dateModified\":\"2025-02-28T21:10:53+00:00\",\"description\":\"Organizations at the Holy Martyrs of Vietnam Catholic Church.\",\"breadcrumb\":{\"@id\":\"https:\\\/\\\/cttdva.org\\\/en\\\/organizations\\\/#breadcrumb\"},\"inLanguage\":\"vi\",\"potentialAction\":[{\"@type\":\"ReadAction\",\"target\":[\"https:\\\/\\\/cttdva.org\\\/en\\\/organizations\\\/\"]}]},{\"@type\":\"BreadcrumbList\",\"@id\":\"https:\\\/\\\/cttdva.org\\\/en\\\/organizations\\\/#breadcrumb\",\"itemListElement\":[{\"@type\":\"ListItem\",\"position\":1,\"name\":\"Home\",\"item\":\"https:\\\/\\\/cttdva.org\\\/en\\\/\"},{\"@type\":\"ListItem\",\"position\":2,\"name\":\"Organizations\"}]},{\"@type\":\"WebSite\",\"@id\":\"https:\\\/\\\/cttdva.org\\\/en\\\/#website\",\"url\":\"https:\\\/\\\/cttdva.org\\\/en\\\/\",\"name\":\"Holy Martyrs of Vietnam\",\"description\":\"\",\"publisher\":{\"@id\":\"https:\\\/\\\/cttdva.org\\\/en\\\/#organization\"},\"potentialAction\":[{\"@type\":\"SearchAction\",\"target\":{\"@type\":\"EntryPoint\",\"urlTemplate\":\"https:\\\/\\\/cttdva.org\\\/en\\\/?s={search_term_string}\"},\"query-input\":{\"@type\":\"PropertyValueSpecification\",\"valueRequired\":true,\"valueName\":\"search_term_string\"}}],\"inLanguage\":\"vi\"},{\"@type\":\"Organization\",\"@id\":\"https:\\\/\\\/cttdva.org\\\/en\\\/#organization\",\"name\":\"Holy Martyrs of Vietnam\",\"url\":\"https:\\\/\\\/cttdva.org\\\/en\\\/\",\"logo\":{\"@type\":\"ImageObject\",\"inLanguage\":\"vi\",\"@id\":\"https:\\\/\\\/cttdva.org\\\/en\\\/#\\\/schema\\\/logo\\\/image\\\/\",\"url\":\"https:\\\/\\\/cttdva.org\\\/wp-content\\\/uploads\\\/2024\\\/11\\\/cttdva.logo_.lg_.png\",\"contentUrl\":\"https:\\\/\\\/cttdva.org\\\/wp-content\\\/uploads\\\/2024\\\/11\\\/cttdva.logo_.lg_.png\",\"width\":25,\"height\":23,\"caption\":\"Holy Martyrs of Vietnam\"},\"image\":{\"@id\":\"https:\\\/\\\/cttdva.org\\\/en\\\/#\\\/schema\\\/logo\\\/image\\\/\"},\"sameAs\":[\"https:\\\/\\\/www.facebook.com\\\/cttdva\\\/\",\"https:\\\/\\\/www.youtube.com\\\/@gxcttdva\"]}]}<\/script>\n<!-- \/ Yoast SEO plugin. -->","yoast_head_json":{"title":"Organizations - Holy Martyrs of Vietnam","description":"Organizations at the Holy Martyrs of Vietnam Catholic Church.","robots":{"index":"index","follow":"follow","max-snippet":"max-snippet:-1","max-image-preview":"max-image-preview:large","max-video-preview":"max-video-preview:-1"},"canonical":"https:\/\/cttdva.org\/vi\/organizations\/","og_locale":"vi_VN","og_type":"article","og_title":"Organizations - Holy Martyrs of Vietnam","og_description":"Organizations at the Holy Martyrs of Vietnam Catholic Church.","og_url":"https:\/\/cttdva.org\/vi\/organizations\/","og_site_name":"Holy Martyrs of Vietnam","article_publisher":"https:\/\/www.facebook.com\/cttdva\/","article_modified_time":"2025-02-28T21:10:53+00:00","twitter_card":"summary_large_image","twitter_misc":{"\u01af\u1edbc t\u00ednh th\u1eddi gian \u0111\u1ecdc":"2 ph\u00fat"},"schema":{"@context":"https:\/\/schema.org","@graph":[{"@type":"WebPage","@id":"https:\/\/cttdva.org\/en\/organizations\/","url":"https:\/\/cttdva.org\/en\/organizations\/","name":"Organizations - Holy Martyrs of Vietnam","isPartOf":{"@id":"https:\/\/cttdva.org\/en\/#website"},"datePublished":"2024-10-30T00:25:56+00:00","dateModified":"2025-02-28T21:10:53+00:00","description":"Organizations at the Holy Martyrs of Vietnam Catholic Church.","breadcrumb":{"@id":"https:\/\/cttdva.org\/en\/organizations\/#breadcrumb"},"inLanguage":"vi","potentialAction":[{"@type":"ReadAction","target":["https:\/\/cttdva.org\/en\/organizations\/"]}]},{"@type":"BreadcrumbList","@id":"https:\/\/cttdva.org\/en\/organizations\/#breadcrumb","itemListElement":[{"@type":"ListItem","position":1,"name":"Home","item":"https:\/\/cttdva.org\/en\/"},{"@type":"ListItem","position":2,"name":"Organizations"}]},{"@type":"WebSite","@id":"https:\/\/cttdva.org\/en\/#website","url":"https:\/\/cttdva.org\/en\/","name":"Gi\u00e1o X\u1ee9 C\u00e1c Th\u00e1nh T\u1eed \u0110\u1ea1o Vi\u1ec7t Nam<br>\nArlington, VA","description":"","publisher":{"@id":"https:\/\/cttdva.org\/en\/#organization"},"potentialAction":[{"@type":"SearchAction","target":{"@type":"EntryPoint","urlTemplate":"https:\/\/cttdva.org\/en\/?s={search_term_string}"},"query-input":{"@type":"PropertyValueSpecification","valueRequired":true,"valueName":"search_term_string"}}],"inLanguage":"vi"},{"@type":"Organization","@id":"https:\/\/cttdva.org\/en\/#organization","name":"Gi\u00e1o X\u1ee9 C\u00e1c Th\u00e1nh T\u1eed \u0110\u1ea1o Vi\u1ec7t Nam<br>\nArlington, VA","url":"https:\/\/cttdva.org\/en\/","logo":{"@type":"ImageObject","inLanguage":"vi","@id":"https:\/\/cttdva.org\/en\/#\/schema\/logo\/image\/","url":"https:\/\/cttdva.org\/wp-content\/uploads\/2024\/11\/cttdva.logo_.lg_.png","contentUrl":"https:\/\/cttdva.org\/wp-content\/uploads\/2024\/11\/cttdva.logo_.lg_.png","width":25,"height":23,"caption":"Holy Martyrs of Vietnam"},"image":{"@id":"https:\/\/cttdva.org\/en\/#\/schema\/logo\/image\/"},"sameAs":["https:\/\/www.facebook.com\/cttdva\/","https:\/\/www.youtube.com\/@gxcttdva"]}]}},"_links":{"self":[{"href":"https:\/\/cttdva.org\/vi\/wp-json\/wp\/v2\/pages\/205","targetHints":{"allow":["GET"]}}],"collection":[{"href":"https:\/\/cttdva.org\/vi\/wp-json\/wp\/v2\/pages"}],"about":[{"href":"https:\/\/cttdva.org\/vi\/wp-json\/wp\/v2\/types\/page"}],"author":[{"embeddable":true,"href":"https:\/\/cttdva.org\/vi\/wp-json\/wp\/v2\/users\/1"}],"replies":[{"embeddable":true,"href":"https:\/\/cttdva.org\/vi\/wp-json\/wp\/v2\/comments?post=205"}],"version-history":[{"count":20,"href":"https:\/\/cttdva.org\/vi\/wp-json\/wp\/v2\/pages\/205\/revisions"}],"predecessor-version":[{"id":2126,"href":"https:\/\/cttdva.org\/vi\/wp-json\/wp\/v2\/pages\/205\/revisions\/2126"}],"wp:attachment":[{"href":"https:\/\/cttdva.org\/vi\/wp-json\/wp\/v2\/media?parent=205"}],"curies":[{"name":"wp","href":"https:\/\/api.w.org\/{rel}","templated":true}]}}