{"id":470,"date":"2024-11-04T00:18:09","date_gmt":"2024-11-04T00:18:09","guid":{"rendered":"https:\/\/sand.cttdva.org\/?page_id=470"},"modified":"2026-04-01T20:01:41","modified_gmt":"2026-04-02T01:01:41","slug":"home","status":"publish","type":"page","link":"https:\/\/cttdva.org\/vi\/","title":{"rendered":"Trang Ch\u1ee7"},"content":{"rendered":"<div class=\"wp-block-cover alignfull is-style-default\" style=\"margin-top:0px;margin-bottom:var(--wp--preset--spacing--50);min-height:100vh;aspect-ratio:unset;\"><img loading=\"lazy\" decoding=\"async\" width=\"2560\" height=\"2560\" class=\"wp-block-cover__image-background wp-image-1769\" alt=\"\" src=\"https:\/\/cttdva.org\/wp-content\/uploads\/2025\/01\/Ban-Tho-GXCTTDVN-scaled.jpg\" style=\"object-position:50% 35%\" data-object-fit=\"cover\" data-object-position=\"50% 35%\" srcset=\"https:\/\/cttdva.org\/wp-content\/uploads\/2025\/01\/Ban-Tho-GXCTTDVN-scaled.jpg 2560w, https:\/\/cttdva.org\/wp-content\/uploads\/2025\/01\/Ban-Tho-GXCTTDVN-300x300.jpg 300w, https:\/\/cttdva.org\/wp-content\/uploads\/2025\/01\/Ban-Tho-GXCTTDVN-1024x1024.jpg 1024w, https:\/\/cttdva.org\/wp-content\/uploads\/2025\/01\/Ban-Tho-GXCTTDVN-150x150.jpg 150w, https:\/\/cttdva.org\/wp-content\/uploads\/2025\/01\/Ban-Tho-GXCTTDVN-768x768.jpg 768w, https:\/\/cttdva.org\/wp-content\/uploads\/2025\/01\/Ban-Tho-GXCTTDVN-1536x1536.jpg 1536w, https:\/\/cttdva.org\/wp-content\/uploads\/2025\/01\/Ban-Tho-GXCTTDVN-2048x2048.jpg 2048w, https:\/\/cttdva.org\/wp-content\/uploads\/2025\/01\/Ban-Tho-GXCTTDVN-12x12.jpg 12w\" sizes=\"auto, (max-width: 2560px) 100vw, 2560px\" \/><span aria-hidden=\"true\" class=\"wp-block-cover__background has-background-dim-30 has-background-dim wp-block-cover__gradient-background has-background-gradient\" style=\"background:linear-gradient(180deg,rgba(7,146,227,0) 0%,rgba(252,185,0,0.24) 100%)\"><\/span><div class=\"wp-block-cover__inner-container is-layout-flow wp-block-cover-is-layout-flow\">\n<p><\/p>\n<\/div><\/div>\n\n\n\n<div class=\"wp-block-group alignfull has-ast-global-color-4-background-color has-background is-layout-constrained wp-block-group-is-layout-constrained\" style=\"margin-top:var(--wp--preset--spacing--30);padding-top:var(--wp--preset--spacing--40);padding-bottom:var(--wp--preset--spacing--40)\">\n<div class=\"wp-block-columns alignwide is-layout-flex wp-container-core-columns-is-layout-28f84493 wp-block-columns-is-layout-flex\">\n<div class=\"wp-block-column is-vertically-aligned-center is-layout-flow wp-block-column-is-layout-flow\">\n<h2 class=\"wp-block-heading has-text-align-center\">Ch\u01b0\u01a1ng Tr\u00ecnh Th\u00e1nh L\u1ec5<\/h2>\n\n\n\n<p class=\"has-text-align-center\"><strong>Th\u1ee9 Hai\u2013 Th\u1ee9 S\u00e1u<\/strong>: 8 AM* v\u00e0 7 PM<br><strong>Th\u1ee9 B\u1ea3y<\/strong>: 8 AM* v\u00e0 6 PM* Th\u00e1nh l\u1ec5 V\u1ecdng Ch\u00faa nh\u1eadt<br><strong>Ch\u00faa Nh\u1eadt<\/strong>: 8 AM*, 10 AM*, 12 PM, v\u00e0 7 PM<\/p>\n\n\n\n<p class=\"has-text-align-center\">* Ph\u00e1t tr\u1ef1c tuy\u1ebfn c\u00f3 s\u1eb5n t\u1ea1i <a href=\"https:\/\/www.youtube.com\/@gxcttdva\" target=\"_blank\" rel=\"noreferrer noopener nofollow\">YouTube <\/a>v\u00e0 <a href=\"https:\/\/www.facebook.com\/cttdva\/\" target=\"_blank\" rel=\"noreferrer noopener nofollow\">Facebook<\/a><br>L\u01b0u \u00fd: T\u1ea5t c\u1ea3 th\u1eddi gian \u0111\u01b0\u1ee3c hi\u1ec3n th\u1ecb b\u1eb1ng EST<\/p>\n\n\n<div class=\"wp-block-coblocks-social wp-block-coblocks-social-profiles is-style-icon-and-text has-text-align-center has-colors has-button-size-sml\"><ul><li><a href=\"https:\/\/www.facebook.com\/cttdva\/\" title=\"Facebook\" class=\"wp-block-button__link wp-block-coblocks-social__button wp-block-coblocks-social__button--facebook has-padding\" style=\"border-radius:40px\" target=\"_blank\" rel=\"noopener noreferrer\"><span class=\"wp-block-coblocks-social__icon\"><\/span><span class=\"wp-block-coblocks-social__text\">Facebook<\/span><\/a><\/li><li><a href=\"https:\/\/www.youtube.com\/@gxcttdva\" title=\"YouTube\" class=\"wp-block-button__link wp-block-coblocks-social__button wp-block-coblocks-social__button--youtube has-padding\" style=\"border-radius:40px\" target=\"_blank\" rel=\"noopener noreferrer\"><span class=\"wp-block-coblocks-social__icon\"><\/span><span class=\"wp-block-coblocks-social__text\">YouTube<\/span><\/a><\/li><\/ul><\/div><\/div>\n<\/div>\n<\/div>\n\n\n\n<div class=\"wp-block-group is-layout-constrained wp-block-group-is-layout-constrained\">\n<h2 class=\"wp-block-heading has-text-align-center\" style=\"margin-top:0;margin-right:0;margin-bottom:0\">Th\u00f4ng B\u00e1o<\/h2>\n\n\n\n<div class=\"wp-block-group is-vertical is-content-justification-center is-layout-flex wp-container-core-group-is-layout-ce155fab wp-block-group-is-layout-flex\">\n<figure class=\"wp-block-image size-large\"><img loading=\"lazy\" decoding=\"async\" width=\"622\" height=\"1024\" src=\"https:\/\/cttdva.org\/wp-content\/uploads\/2026\/02\/638100982_942756181447313_4152047125213167515_n-622x1024.jpg\" alt=\"\" class=\"wp-image-2484\" srcset=\"https:\/\/cttdva.org\/wp-content\/uploads\/2026\/02\/638100982_942756181447313_4152047125213167515_n-622x1024.jpg 622w, https:\/\/cttdva.org\/wp-content\/uploads\/2026\/02\/638100982_942756181447313_4152047125213167515_n-182x300.jpg 182w, https:\/\/cttdva.org\/wp-content\/uploads\/2026\/02\/638100982_942756181447313_4152047125213167515_n-768x1265.jpg 768w, https:\/\/cttdva.org\/wp-content\/uploads\/2026\/02\/638100982_942756181447313_4152047125213167515_n-932x1536.jpg 932w, https:\/\/cttdva.org\/wp-content\/uploads\/2026\/02\/638100982_942756181447313_4152047125213167515_n-7x12.jpg 7w, https:\/\/cttdva.org\/wp-content\/uploads\/2026\/02\/638100982_942756181447313_4152047125213167515_n.jpg 1243w\" sizes=\"auto, (max-width: 622px) 100vw, 622px\" \/><\/figure>\n\n\n\n<figure class=\"wp-block-image size-full\"><img loading=\"lazy\" decoding=\"async\" width=\"640\" height=\"360\" src=\"https:\/\/cttdva.org\/wp-content\/uploads\/2026\/02\/639033495_944551281267803_7587629173252941115_n.jpg\" alt=\"\" class=\"wp-image-2493\" srcset=\"https:\/\/cttdva.org\/wp-content\/uploads\/2026\/02\/639033495_944551281267803_7587629173252941115_n.jpg 640w, https:\/\/cttdva.org\/wp-content\/uploads\/2026\/02\/639033495_944551281267803_7587629173252941115_n-300x169.jpg 300w, https:\/\/cttdva.org\/wp-content\/uploads\/2026\/02\/639033495_944551281267803_7587629173252941115_n-18x10.jpg 18w\" sizes=\"auto, (max-width: 640px) 100vw, 640px\" \/><\/figure>\n<\/div>\n<\/div>\n\n\n\n<div class=\"wp-block-group alignfull has-ast-global-color-4-background-color has-background is-layout-constrained wp-block-group-is-layout-constrained\">\n<h2 class=\"wp-block-heading has-text-align-center\">Videos<\/h2>\n\n\n\n<div class=\"wp-block-columns alignfull is-layout-flex wp-container-core-columns-is-layout-28f84493 wp-block-columns-is-layout-flex\">\n<div class=\"wp-block-column is-layout-flow wp-block-column-is-layout-flow\">\n<figure class=\"wp-block-embed is-type-video is-provider-youtube wp-block-embed-youtube wp-embed-aspect-16-9 wp-has-aspect-ratio\"><div class=\"wp-block-embed__wrapper\">\n<div class=\"ast-oembed-container\" style=\"height: 100%;\"><iframe loading=\"lazy\" title=\"C\u1ea7u Nguy\u1ec7n V\u00e0 Th\u00e1nh L\u1ec5 An T\u00e1ng Cha Ph\u00ear\u00f4 Nguy\u1ec5n D\u00ecnh Ph\u01b0\u01a1ng T\u1ea1i GX CTT\u0110VN - Arlington VA\" width=\"500\" height=\"281\" src=\"https:\/\/www.youtube.com\/embed\/UpueyBPxXxc?feature=oembed\" frameborder=\"0\" allow=\"accelerometer; autoplay; clipboard-write; encrypted-media; gyroscope; picture-in-picture; web-share\" referrerpolicy=\"strict-origin-when-cross-origin\" allowfullscreen><\/iframe><\/div>\n<\/div><\/figure>\n<\/div>\n\n\n\n<div class=\"wp-block-column is-layout-flow wp-block-column-is-layout-flow\">\n<figure class=\"wp-block-embed is-type-video is-provider-youtube wp-block-embed-youtube wp-embed-aspect-16-9 wp-has-aspect-ratio\"><div class=\"wp-block-embed__wrapper\">\n<div class=\"ast-oembed-container\" style=\"height: 100%;\"><iframe loading=\"lazy\" title=\"C\u1ea7u Nguy\u1ec7n V\u00e0 An T\u00e1ng Cha Ph\u00ear\u00f4 Nguy\u1ec5n \u0110\u00ecnh Ph\u01b0\u01a1ng T\u1ea1i GX Our Lady of LaVang - Houston TX\" width=\"500\" height=\"281\" src=\"https:\/\/www.youtube.com\/embed\/l8FtKBc6CW8?feature=oembed\" frameborder=\"0\" allow=\"accelerometer; autoplay; clipboard-write; encrypted-media; gyroscope; picture-in-picture; web-share\" referrerpolicy=\"strict-origin-when-cross-origin\" allowfullscreen><\/iframe><\/div>\n<\/div><\/figure>\n<\/div>\n\n\n\n<div class=\"wp-block-column is-layout-flow wp-block-column-is-layout-flow\">\n<p><a href=\"https:\/\/www.flickr.com\/photos\/204130671@N07\/collections\/72157724799614879\" target=\"_blank\" rel=\"noreferrer noopener nofollow\">Hinh \u1ea2nh Sinh Ho\u1ea1t C\u1ee7a Gi\u00e1o X\u1ee9<\/a><\/p>\n<\/div>\n<\/div>\n<\/div>\n\n\n\n<p><\/p>","protected":false},"excerpt":{"rendered":"<p>Mass Schedule Monday \u2013 Friday: 8 AM* and 7 PMSaturday: 8 AM*, 6 PM* Vigil Mass for SundaySunday: 8 AM*, 10 AM*, 12 PM, and 7 PM * Online streaming available at our YouTube and FacebookNote: All times are shown in EST Recent Announcement Featured Videos Hinh \u1ea2nh Sinh Ho\u1ea1t C\u1ee7a Gi\u00e1o X\u1ee9<\/p>","protected":false},"author":1,"featured_media":0,"parent":0,"menu_order":0,"comment_status":"closed","ping_status":"closed","template":"","meta":{"_coblocks_attr":"","_coblocks_dimensions":"{\"coblocks-hero-103214731690\":{\"padding\":{}},\"coblocks-hero-106213426208\":{\"padding\":{}},\"coblocks-hero-106213545617\":{\"padding\":{}},\"coblocks-hero-106213726523\":{\"padding\":{}}}","_coblocks_responsive_height":"","_coblocks_accordion_ie_support":"","site-sidebar-layout":"default","site-content-layout":"","ast-site-content-layout":"","site-content-style":"default","site-sidebar-style":"default","ast-global-header-display":"","ast-banner-title-visibility":"","ast-main-header-display":"","ast-hfb-above-header-display":"","ast-hfb-below-header-display":"","ast-hfb-mobile-header-display":"","site-post-title":"disabled","ast-breadcrumbs-content":"","ast-featured-img":"","footer-sml-layout":"","theme-transparent-header-meta":"","adv-header-id-meta":"","stick-header-meta":"","header-above-stick-meta":"","header-main-stick-meta":"","header-below-stick-meta":"","astra-migrate-meta-layouts":"default","ast-page-background-enabled":"default","ast-page-background-meta":{"desktop":{"background-color":"var(--ast-global-color-4)","background-image":"","background-repeat":"repeat","background-position":"center center","background-size":"auto","background-attachment":"scroll","background-type":"","background-media":"","overlay-type":"","overlay-color":"","overlay-opacity":"","overlay-gradient":""},"tablet":{"background-color":"","background-image":"","background-repeat":"repeat","background-position":"center center","background-size":"auto","background-attachment":"scroll","background-type":"","background-media":"","overlay-type":"","overlay-color":"","overlay-opacity":"","overlay-gradient":""},"mobile":{"background-color":"","background-image":"","background-repeat":"repeat","background-position":"center center","background-size":"auto","background-attachment":"scroll","background-type":"","background-media":"","overlay-type":"","overlay-color":"","overlay-opacity":"","overlay-gradient":""}},"ast-content-background-meta":{"desktop":{"background-color":"var(--ast-global-color-5)","background-image":"","background-repeat":"repeat","background-position":"center center","background-size":"auto","background-attachment":"scroll","background-type":"","background-media":"","overlay-type":"","overlay-color":"","overlay-opacity":"","overlay-gradient":""},"tablet":{"background-color":"var(--ast-global-color-5)","background-image":"","background-repeat":"repeat","background-position":"center center","background-size":"auto","background-attachment":"scroll","background-type":"","background-media":"","overlay-type":"","overlay-color":"","overlay-opacity":"","overlay-gradient":""},"mobile":{"background-color":"var(--ast-global-color-5)","background-image":"","background-repeat":"repeat","background-position":"center center","background-size":"auto","background-attachment":"scroll","background-type":"","background-media":"","overlay-type":"","overlay-color":"","overlay-opacity":"","overlay-gradient":""}},"footnotes":""},"class_list":["post-470","page","type-page","status-publish","hentry"],"yoast_head":"<!-- This site is optimized with the Yoast SEO plugin v27.4 - https:\/\/yoast.com\/product\/yoast-seo-wordpress\/ -->\n<title>Holy Martyrs of Vietnam<\/title>\n<meta name=\"description\" content=\"Welcome to Holy Martyrs of Vietnam Catholic Church.\" \/>\n<meta name=\"robots\" content=\"index, follow, max-snippet:-1, max-image-preview:large, max-video-preview:-1\" \/>\n<link rel=\"canonical\" href=\"https:\/\/cttdva.org\/vi\/\" \/>\n<meta property=\"og:locale\" content=\"vi_VN\" \/>\n<meta property=\"og:type\" content=\"article\" \/>\n<meta property=\"og:title\" content=\"Holy Martyrs of Vietnam\" \/>\n<meta property=\"og:description\" content=\"Welcome to Holy Martyrs of Vietnam Catholic Church.\" \/>\n<meta property=\"og:url\" content=\"https:\/\/cttdva.org\/vi\/\" \/>\n<meta property=\"og:site_name\" content=\"Holy Martyrs of Vietnam\" \/>\n<meta property=\"article:publisher\" content=\"https:\/\/www.facebook.com\/cttdva\/\" \/>\n<meta property=\"article:modified_time\" content=\"2026-04-02T01:01:41+00:00\" \/>\n<meta property=\"og:image\" content=\"https:\/\/cttdva.org\/wp-content\/uploads\/2025\/01\/Ban-Tho-GXCTTDVN-scaled.jpg\" \/>\n<meta name=\"twitter:card\" content=\"summary_large_image\" \/>\n<meta name=\"twitter:label1\" content=\"\u01af\u1edbc t\u00ednh th\u1eddi gian \u0111\u1ecdc\" \/>\n\t<meta name=\"twitter:data1\" content=\"1 ph\u00fat\" \/>\n<script type=\"application\/ld+json\" class=\"yoast-schema-graph\">{\"@context\":\"https:\\\/\\\/schema.org\",\"@graph\":[{\"@type\":\"WebPage\",\"@id\":\"https:\\\/\\\/cttdva.org\\\/en\\\/\",\"url\":\"https:\\\/\\\/cttdva.org\\\/en\\\/\",\"name\":\"Holy Martyrs of Vietnam\",\"isPartOf\":{\"@id\":\"https:\\\/\\\/cttdva.org\\\/en\\\/#website\"},\"primaryImageOfPage\":{\"@id\":\"https:\\\/\\\/cttdva.org\\\/en\\\/#primaryimage\"},\"image\":{\"@id\":\"https:\\\/\\\/cttdva.org\\\/en\\\/#primaryimage\"},\"thumbnailUrl\":\"https:\\\/\\\/cttdva.org\\\/wp-content\\\/uploads\\\/2025\\\/01\\\/Ban-Tho-GXCTTDVN-scaled.jpg\",\"datePublished\":\"2024-11-04T00:18:09+00:00\",\"dateModified\":\"2026-04-02T01:01:41+00:00\",\"description\":\"Welcome to Holy Martyrs of Vietnam Catholic Church.\",\"breadcrumb\":{\"@id\":\"https:\\\/\\\/cttdva.org\\\/en\\\/#breadcrumb\"},\"inLanguage\":\"vi\",\"potentialAction\":[{\"@type\":\"ReadAction\",\"target\":[\"https:\\\/\\\/cttdva.org\\\/en\\\/\"]}]},{\"@type\":\"ImageObject\",\"inLanguage\":\"vi\",\"@id\":\"https:\\\/\\\/cttdva.org\\\/en\\\/#primaryimage\",\"url\":\"https:\\\/\\\/cttdva.org\\\/wp-content\\\/uploads\\\/2025\\\/01\\\/Ban-Tho-GXCTTDVN-scaled.jpg\",\"contentUrl\":\"https:\\\/\\\/cttdva.org\\\/wp-content\\\/uploads\\\/2025\\\/01\\\/Ban-Tho-GXCTTDVN-scaled.jpg\"},{\"@type\":\"BreadcrumbList\",\"@id\":\"https:\\\/\\\/cttdva.org\\\/en\\\/#breadcrumb\",\"itemListElement\":[{\"@type\":\"ListItem\",\"position\":1,\"name\":\"Home\",\"item\":\"https:\\\/\\\/cttdva.org\\\/en\\\/\"},{\"@type\":\"ListItem\",\"position\":2,\"name\":\"Home\"}]},{\"@type\":\"WebSite\",\"@id\":\"https:\\\/\\\/cttdva.org\\\/en\\\/#website\",\"url\":\"https:\\\/\\\/cttdva.org\\\/en\\\/\",\"name\":\"Holy Martyrs of Vietnam\",\"description\":\"\",\"publisher\":{\"@id\":\"https:\\\/\\\/cttdva.org\\\/en\\\/#organization\"},\"potentialAction\":[{\"@type\":\"SearchAction\",\"target\":{\"@type\":\"EntryPoint\",\"urlTemplate\":\"https:\\\/\\\/cttdva.org\\\/en\\\/?s={search_term_string}\"},\"query-input\":{\"@type\":\"PropertyValueSpecification\",\"valueRequired\":true,\"valueName\":\"search_term_string\"}}],\"inLanguage\":\"vi\"},{\"@type\":\"Organization\",\"@id\":\"https:\\\/\\\/cttdva.org\\\/en\\\/#organization\",\"name\":\"Holy Martyrs of Vietnam\",\"url\":\"https:\\\/\\\/cttdva.org\\\/en\\\/\",\"logo\":{\"@type\":\"ImageObject\",\"inLanguage\":\"vi\",\"@id\":\"https:\\\/\\\/cttdva.org\\\/en\\\/#\\\/schema\\\/logo\\\/image\\\/\",\"url\":\"https:\\\/\\\/cttdva.org\\\/wp-content\\\/uploads\\\/2024\\\/11\\\/cttdva.logo_.lg_.png\",\"contentUrl\":\"https:\\\/\\\/cttdva.org\\\/wp-content\\\/uploads\\\/2024\\\/11\\\/cttdva.logo_.lg_.png\",\"width\":25,\"height\":23,\"caption\":\"Holy Martyrs of Vietnam\"},\"image\":{\"@id\":\"https:\\\/\\\/cttdva.org\\\/en\\\/#\\\/schema\\\/logo\\\/image\\\/\"},\"sameAs\":[\"https:\\\/\\\/www.facebook.com\\\/cttdva\\\/\",\"https:\\\/\\\/www.youtube.com\\\/@gxcttdva\"]}]}<\/script>\n<!-- \/ Yoast SEO plugin. -->","yoast_head_json":{"title":"Gi\u00e1o X\u1ee9 C\u00e1c Th\u00e1nh T\u1eed \u0110\u1ea1o Vi\u1ec7t Nam<br>\nArlington, VA","description":"Welcome to Holy Martyrs of Vietnam Catholic Church.","robots":{"index":"index","follow":"follow","max-snippet":"max-snippet:-1","max-image-preview":"max-image-preview:large","max-video-preview":"max-video-preview:-1"},"canonical":"https:\/\/cttdva.org\/vi\/","og_locale":"vi_VN","og_type":"article","og_title":"Holy Martyrs of Vietnam","og_description":"Welcome to Holy Martyrs of Vietnam Catholic Church.","og_url":"https:\/\/cttdva.org\/vi\/","og_site_name":"Holy Martyrs of Vietnam","article_publisher":"https:\/\/www.facebook.com\/cttdva\/","article_modified_time":"2026-04-02T01:01:41+00:00","og_image":[{"url":"https:\/\/cttdva.org\/wp-content\/uploads\/2025\/01\/Ban-Tho-GXCTTDVN-scaled.jpg","type":"","width":"","height":""}],"twitter_card":"summary_large_image","twitter_misc":{"\u01af\u1edbc t\u00ednh th\u1eddi gian \u0111\u1ecdc":"1 ph\u00fat"},"schema":{"@context":"https:\/\/schema.org","@graph":[{"@type":"WebPage","@id":"https:\/\/cttdva.org\/en\/","url":"https:\/\/cttdva.org\/en\/","name":"Gi\u00e1o X\u1ee9 C\u00e1c Th\u00e1nh T\u1eed \u0110\u1ea1o Vi\u1ec7t Nam<br>\nArlington, VA","isPartOf":{"@id":"https:\/\/cttdva.org\/en\/#website"},"primaryImageOfPage":{"@id":"https:\/\/cttdva.org\/en\/#primaryimage"},"image":{"@id":"https:\/\/cttdva.org\/en\/#primaryimage"},"thumbnailUrl":"https:\/\/cttdva.org\/wp-content\/uploads\/2025\/01\/Ban-Tho-GXCTTDVN-scaled.jpg","datePublished":"2024-11-04T00:18:09+00:00","dateModified":"2026-04-02T01:01:41+00:00","description":"Welcome to Holy Martyrs of Vietnam Catholic Church.","breadcrumb":{"@id":"https:\/\/cttdva.org\/en\/#breadcrumb"},"inLanguage":"vi","potentialAction":[{"@type":"ReadAction","target":["https:\/\/cttdva.org\/en\/"]}]},{"@type":"ImageObject","inLanguage":"vi","@id":"https:\/\/cttdva.org\/en\/#primaryimage","url":"https:\/\/cttdva.org\/wp-content\/uploads\/2025\/01\/Ban-Tho-GXCTTDVN-scaled.jpg","contentUrl":"https:\/\/cttdva.org\/wp-content\/uploads\/2025\/01\/Ban-Tho-GXCTTDVN-scaled.jpg"},{"@type":"BreadcrumbList","@id":"https:\/\/cttdva.org\/en\/#breadcrumb","itemListElement":[{"@type":"ListItem","position":1,"name":"Home","item":"https:\/\/cttdva.org\/en\/"},{"@type":"ListItem","position":2,"name":"Home"}]},{"@type":"WebSite","@id":"https:\/\/cttdva.org\/en\/#website","url":"https:\/\/cttdva.org\/en\/","name":"Gi\u00e1o X\u1ee9 C\u00e1c Th\u00e1nh T\u1eed \u0110\u1ea1o Vi\u1ec7t Nam<br>\nArlington, VA","description":"","publisher":{"@id":"https:\/\/cttdva.org\/en\/#organization"},"potentialAction":[{"@type":"SearchAction","target":{"@type":"EntryPoint","urlTemplate":"https:\/\/cttdva.org\/en\/?s={search_term_string}"},"query-input":{"@type":"PropertyValueSpecification","valueRequired":true,"valueName":"search_term_string"}}],"inLanguage":"vi"},{"@type":"Organization","@id":"https:\/\/cttdva.org\/en\/#organization","name":"Gi\u00e1o X\u1ee9 C\u00e1c Th\u00e1nh T\u1eed \u0110\u1ea1o Vi\u1ec7t Nam<br>\nArlington, VA","url":"https:\/\/cttdva.org\/en\/","logo":{"@type":"ImageObject","inLanguage":"vi","@id":"https:\/\/cttdva.org\/en\/#\/schema\/logo\/image\/","url":"https:\/\/cttdva.org\/wp-content\/uploads\/2024\/11\/cttdva.logo_.lg_.png","contentUrl":"https:\/\/cttdva.org\/wp-content\/uploads\/2024\/11\/cttdva.logo_.lg_.png","width":25,"height":23,"caption":"Holy Martyrs of Vietnam"},"image":{"@id":"https:\/\/cttdva.org\/en\/#\/schema\/logo\/image\/"},"sameAs":["https:\/\/www.facebook.com\/cttdva\/","https:\/\/www.youtube.com\/@gxcttdva"]}]}},"_links":{"self":[{"href":"https:\/\/cttdva.org\/vi\/wp-json\/wp\/v2\/pages\/470","targetHints":{"allow":["GET"]}}],"collection":[{"href":"https:\/\/cttdva.org\/vi\/wp-json\/wp\/v2\/pages"}],"about":[{"href":"https:\/\/cttdva.org\/vi\/wp-json\/wp\/v2\/types\/page"}],"author":[{"embeddable":true,"href":"https:\/\/cttdva.org\/vi\/wp-json\/wp\/v2\/users\/1"}],"replies":[{"embeddable":true,"href":"https:\/\/cttdva.org\/vi\/wp-json\/wp\/v2\/comments?post=470"}],"version-history":[{"count":377,"href":"https:\/\/cttdva.org\/vi\/wp-json\/wp\/v2\/pages\/470\/revisions"}],"predecessor-version":[{"id":2531,"href":"https:\/\/cttdva.org\/vi\/wp-json\/wp\/v2\/pages\/470\/revisions\/2531"}],"wp:attachment":[{"href":"https:\/\/cttdva.org\/vi\/wp-json\/wp\/v2\/media?parent=470"}],"curies":[{"name":"wp","href":"https:\/\/api.w.org\/{rel}","templated":true}]}}